{"id":267,"date":"2026-02-28T11:15:55","date_gmt":"2026-02-28T11:15:55","guid":{"rendered":"https:\/\/persplant.de\/?page_id=267"},"modified":"2026-02-28T21:39:46","modified_gmt":"2026-02-28T21:39:46","slug":"safran","status":"publish","type":"page","link":"https:\/\/persplant.de\/en\/safran\/","title":{"rendered":"safran"},"content":{"rendered":"<div class=\"wp-block-group alignfull has-background has-global-padding is-content-justification-left is-layout-constrained wp-container-core-group-is-layout-58afaa13 wp-block-group-is-layout-constrained\" style=\"background-color:#fffce3;margin-top:0;margin-bottom:0;padding-top:var(--wp--preset--spacing--40);padding-right:var(--wp--preset--spacing--50);padding-bottom:var(--wp--preset--spacing--40);padding-left:var(--wp--preset--spacing--50)\">\n<h2 class=\"wp-block-heading\" style=\"font-size:clamp(1.25rem, 1.25rem + ((1vw - 0.2rem) * 1.25), 2rem);\">SAFRAN<\/h2>\n\n\n\n<figure class=\"wp-block-image alignwide size-full is-style-rounded is-style-rounded--1\"><img fetchpriority=\"high\" decoding=\"async\" width=\"590\" height=\"191\" src=\"https:\/\/persplant.de\/wp-content\/uploads\/2026\/02\/img-safran.jpg\" alt=\"\" class=\"wp-image-272\" srcset=\"https:\/\/persplant.de\/wp-content\/uploads\/2026\/02\/img-safran.jpg 590w, https:\/\/persplant.de\/wp-content\/uploads\/2026\/02\/img-safran-300x97.jpg 300w\" sizes=\"(max-width: 590px) 100vw, 590px\" \/><\/figure>\n\n\n\n<div class=\"wp-block-columns alignwide is-layout-flex wp-container-core-columns-is-layout-28f84493 wp-block-columns-is-layout-flex\" style=\"font-size:clamp(0.875rem, 0.875rem + ((1vw - 0.2rem) * 0.208), 1rem);\">\n<div class=\"wp-block-column is-layout-flow wp-block-column-is-layout-flow\">\n<p>Safran (Crocus Sativus) ist das wertvollste Gew\u00fcrz der Welt.<\/p>\n\n\n\n<p>Safran wird aus den getrockneten orange-roten Stempelf\u00e4den der zartlila Bl\u00fcten der Krokusart &#8222;Crocus Sativus&#8220; gewonnen. Die Ernte erfolgt auch heute noch in reiner Handarbeit \u2013 jedes Pfl\u00e4nzchen muss einzeln geerntet und der Bl\u00fcte dann bis zu 3 Stempelf\u00e4den entzogen werden. F\u00fcr die Herstellung eines einzigen Kilos Safran m\u00fcssen zwischen 150000 und 250000 Bl\u00fcten geerntet werden, was den hohen Preis des Gew\u00fcrzes erkl\u00e4rt.<\/p>\n\n\n\n<p>Ein Arbeiter kann pro Tag nur ca. 60 bis 80 Gramm ernten. Erschwerend kommt hinzu, dass Safran nur ein Mal pro Jahr im Herbst, und zwar f\u00fcr nur etwa 2 Wochen bl\u00fcht.<\/p>\n\n\n\n<p>Bereits im alten Griechenland und auch in Rom kannte man die Pflanze und verwendete sie als Heil- und F\u00e4rbemittel. Im alten Rom soll mit Safran der Randstreifen der Toga, die Kleidung des Magistrats, gef\u00e4rbt worden sein.<\/p>\n\n\n\n<p>In der Hom\u00f6opathie wird er noch bei Menstruationsst\u00f6rungen und bei verschiedenen Krampfzust\u00e4nden eingesetzt. Safran wirkt sich positiv bei Verdauungsbeschwerden aus, also als Magen-St\u00e4rker, gegen Magenbeschwerden und Bl\u00e4hungen.<\/p>\n\n\n\n<p>Au\u00dferdem hat er eine positive Wirkung auf die Geschlechtsorgane, verringert somit Menstruationsbeschwerden oder hilft bei Potenzproblemen als Aphrodisiakum. Er wirkt sich positiv auf Schwierigkeiten bei der Atmung aus, hilft also gegen Asthma oder Husten. Er verringert Beschwerden des zentralen Nervensystems, wirkt dabei beruhigend, schmerzlindernd und f\u00f6rdert ein besseres Einschlafen. Neuesten Forschungsergebnissen zufolge ist er auch als Mittel gegen Krebs einsetzbar.<\/p>\n\n\n\n<p>Safran geh\u00f6rt zur Kategorie Iridaceae. Jede Bl\u00fcte hat 3 Federn, die jeweils etwa 2 &#8211; 3 cm lang sind. 80 % der weltweiten Safran-Ernte stammt aus hochqualitativem iranischen Anbau. Jedes Jahr wird dort etwa 190 Tonnen getrockneter Safran hergestellt. Spanien ist mit 12 % weltweitem Anteil auf Platz zwei der Weltrangliste.<\/p>\n\n\n\n<p>Es gibt ihn in folgenden verschiedenen Sorten:<\/p>\n\n\n\n<ol class=\"wp-block-list\">\n<li>Negin<\/li>\n\n\n\n<li>Allred (Sargol)<\/li>\n\n\n\n<li>Red &amp; White (rot und wei\u00df)<\/li>\n\n\n\n<li>Bunch<\/li>\n\n\n\n<li>Als Pulver in den St\u00e4rken A, B und C<\/li>\n<\/ol>\n\n\n\n<p>Safran findet sowohl in der K\u00fcche, als auch in der Arzneimittelproduktion Verwendung.<\/p>\n\n\n\n<div class=\"wp-block-buttons is-layout-flex wp-block-buttons-is-layout-flex\">\n<div class=\"wp-block-button\"><a class=\"wp-block-button__link has-custom-color-2-background-color has-background has-custom-font-size wp-element-button\" href=\"https:\/\/persplant.de\/en\/kontakt\/\" style=\"font-size:clamp(0.875rem, 0.875rem + ((1vw - 0.2rem) * 0.208), 1rem);\">Wir freuen uns auf Ihre Anfrage.<\/a><\/div>\n<\/div>\n<\/div>\n<\/div>\n<\/div>","protected":false},"excerpt":{"rendered":"<p>SAFRAN Safran (Crocus Sativus) ist das wertvollste Gew\u00fcrz der Welt. Safran wird aus den getrockneten orange-roten Stempelf\u00e4den der zartlila Bl\u00fcten der Krokusart &#8222;Crocus Sativus&#8220; gewonnen. Die Ernte erfolgt auch heute noch in reiner Handarbeit \u2013 jedes Pfl\u00e4nzchen muss einzeln geerntet und der Bl\u00fcte dann bis zu 3 Stempelf\u00e4den entzogen werden. F\u00fcr die Herstellung eines einzigen [&hellip;]<\/p>\n","protected":false},"author":1,"featured_media":0,"parent":0,"menu_order":0,"comment_status":"closed","ping_status":"closed","template":"","meta":{"footnotes":""},"class_list":["post-267","page","type-page","status-publish","hentry"],"_links":{"self":[{"href":"https:\/\/persplant.de\/en\/wp-json\/wp\/v2\/pages\/267","targetHints":{"allow":["GET"]}}],"collection":[{"href":"https:\/\/persplant.de\/en\/wp-json\/wp\/v2\/pages"}],"about":[{"href":"https:\/\/persplant.de\/en\/wp-json\/wp\/v2\/types\/page"}],"author":[{"embeddable":true,"href":"https:\/\/persplant.de\/en\/wp-json\/wp\/v2\/users\/1"}],"replies":[{"embeddable":true,"href":"https:\/\/persplant.de\/en\/wp-json\/wp\/v2\/comments?post=267"}],"version-history":[{"count":5,"href":"https:\/\/persplant.de\/en\/wp-json\/wp\/v2\/pages\/267\/revisions"}],"predecessor-version":[{"id":509,"href":"https:\/\/persplant.de\/en\/wp-json\/wp\/v2\/pages\/267\/revisions\/509"}],"wp:attachment":[{"href":"https:\/\/persplant.de\/en\/wp-json\/wp\/v2\/media?parent=267"}],"curies":[{"name":"wp","href":"https:\/\/api.w.org\/{rel}","templated":true}]}}