{"id":291,"date":"2026-02-28T10:48:51","date_gmt":"2026-02-28T10:48:51","guid":{"rendered":"https:\/\/persplant.de\/?page_id=291"},"modified":"2026-02-28T21:37:41","modified_gmt":"2026-02-28T21:37:41","slug":"malvenblueten","status":"publish","type":"page","link":"https:\/\/persplant.de\/en\/malvenblueten\/","title":{"rendered":"Malvenbl\u00fcten"},"content":{"rendered":"<div class=\"wp-block-group alignfull has-background has-global-padding is-content-justification-left is-layout-constrained wp-container-core-group-is-layout-58afaa13 wp-block-group-is-layout-constrained wp-container-2 is-position-sticky\" style=\"background-color:#fffce3;margin-top:0;margin-bottom:0;padding-top:var(--wp--preset--spacing--40);padding-right:var(--wp--preset--spacing--50);padding-bottom:var(--wp--preset--spacing--40);padding-left:var(--wp--preset--spacing--50);font-size:clamp(0.875rem, 0.875rem + ((1vw - 0.2rem) * 0.208), 1rem);\">\n<h2 class=\"wp-block-heading\" style=\"font-size:clamp(1.25rem, 1.25rem + ((1vw - 0.2rem) * 1.25), 2rem);text-transform:uppercase\">Malvenbl\u00fcten<\/h2>\n\n\n\n<figure class=\"wp-block-image alignwide size-full is-style-rounded is-style-rounded--1\"><img fetchpriority=\"high\" decoding=\"async\" width=\"589\" height=\"191\" src=\"https:\/\/persplant.de\/wp-content\/uploads\/2026\/02\/img-malven-1-Kopie-1.jpg\" alt=\"\" class=\"wp-image-292\" srcset=\"https:\/\/persplant.de\/wp-content\/uploads\/2026\/02\/img-malven-1-Kopie-1.jpg 589w, https:\/\/persplant.de\/wp-content\/uploads\/2026\/02\/img-malven-1-Kopie-1-300x97.jpg 300w\" sizes=\"(max-width: 589px) 100vw, 589px\" \/><\/figure>\n\n\n\n<div class=\"wp-block-columns alignwide is-layout-flex wp-container-core-columns-is-layout-28f84493 wp-block-columns-is-layout-flex\">\n<div class=\"wp-block-column is-layout-flow wp-block-column-is-layout-flow\" style=\"flex-basis:100%\">\n<div class=\"wp-block-columns is-layout-flex wp-container-core-columns-is-layout-28f84493 wp-block-columns-is-layout-flex\">\n<div class=\"wp-block-column is-layout-flow wp-block-column-is-layout-flow\" style=\"flex-basis:100%\">\n<p class=\"wp-container-content-0733e5d0\">Die Malven (Malva) sind eine Pflanzengattung in der Familie der Malvengew\u00e4chse (Malvaceae).<\/p>\n\n\n\n<p>Unsere Malvenbl\u00fcten werden im Iran in den St\u00e4dten Mashad, Esfahan und Kerman angebaut. Zu Beginn des Sommers werden die Bl\u00fcten bei der Ernte sehr vorsichtig gepfl\u00fcckt und behutsam in den Erntekorb gelegt. Anschlie\u00dfend wird die Ernte 3 bis 6 cm hoch gestapelt und bei 50 \u00b0C im Schatten getrocknet. Direkte Sonneneinstrahlung wird bei dieser Pflanze vermieden.<\/p>\n\n\n\n<p>Bei der Ernte lassen sich aus 100 kg frischen Bl\u00fcten ca. 15 bis 18 kg getrocknete Bl\u00fcten verwerten. Nach der anschlie\u00dfenden Auslese unter strenger Qualit\u00e4tskontrolle werden die Bl\u00fcten in sterile Kartons verpackt, um Bakterien- und Insektenbef\u00e4lle zu verhindern. Gerne schicken wir Ihnen jederzeit Proben unserer Produkte zu.<\/p>\n\n\n\n<p>Die in der Malve enthaltenen Schleimstoffe helfen bei Erkrankungen der Atemwege, zudem regen Sie die T\u00e4tigkeit des Darmes an, helfen bei Magenbeschwerden und beruhigen gereizte Schleimh\u00e4ute. Au\u00dferdem hemmt die Wilde Malve Entz\u00fcndungen, hilft bei Koliken oder auch bei Abszessen. Die in den Bl\u00fcten enthaltenen Schleimstoffe setzt man auch heute noch in Mundw\u00e4ssern und in Gurgelmitteln ein.<\/p>\n\n\n\n<p>Man verwendet die Bl\u00e4tter und Bl\u00fcten u. a. auch gegen trockenen Husten, Heiserkeit, Kehlkopfbeschwerden, Entz\u00fcndungen im Magen-Darm-Trakt und Rachenraum, gegen Gastritis, bei Reizungen im Mund, Halsschmerzen, bei Sodbrennen und Reizungen der Speiser\u00f6hre. Weitere Anwendungsgebiete sind Katarrhe, entz\u00fcndliche Angina, Bronchitis, Rippenfellentz\u00fcndungen, Harnverhalt, Verstopfung, Geschw\u00fcre und Geschw\u00fclste, Gicht, Rheumabeschwerden und Akne.<\/p>\n\n\n\n<p>\u00c4u\u00dferlich eignet sich die Malve in Form von B\u00e4dern und auch Kompressen gegen trockene entz\u00fcndliche Haut, Neurodermitis, Psoriasis, Insektenstiche, H\u00e4morrhoiden, Furunkel, Ekzeme und Juckreiz.<\/p>\n\n\n\n<p class=\"wp-container-content-0733e5d0\">Die Malvenwurzel ist au\u00dferdem ein vorz\u00fcgliches Pflegemittel f\u00fcr Z\u00e4hne und verhindert Infektionen im Mundraum und sch\u00fctzt vor Mundf\u00e4ule.<\/p>\n<\/div>\n<\/div>\n<\/div>\n<\/div>\n\n\n\n<div class=\"wp-block-buttons is-layout-flex wp-block-buttons-is-layout-flex\">\n<div class=\"wp-block-button\"><a class=\"wp-block-button__link has-custom-color-2-background-color has-background has-custom-font-size wp-element-button\" href=\"https:\/\/persplant.de\/en\/kontakt\/\" style=\"font-size:clamp(0.875rem, 0.875rem + ((1vw - 0.2rem) * 0.208), 1rem);\">Wir freuen uns auf Ihre Anfrage.<\/a><\/div>\n<\/div>\n<\/div>","protected":false},"excerpt":{"rendered":"<p>Malvenbl\u00fcten Die Malven (Malva) sind eine Pflanzengattung in der Familie der Malvengew\u00e4chse (Malvaceae). Unsere Malvenbl\u00fcten werden im Iran in den St\u00e4dten Mashad, Esfahan und Kerman angebaut. Zu Beginn des Sommers werden die Bl\u00fcten bei der Ernte sehr vorsichtig gepfl\u00fcckt und behutsam in den Erntekorb gelegt. Anschlie\u00dfend wird die Ernte 3 bis 6 cm hoch gestapelt [&hellip;]<\/p>\n","protected":false},"author":1,"featured_media":0,"parent":0,"menu_order":0,"comment_status":"closed","ping_status":"closed","template":"","meta":{"footnotes":""},"class_list":["post-291","page","type-page","status-publish","hentry"],"_links":{"self":[{"href":"https:\/\/persplant.de\/en\/wp-json\/wp\/v2\/pages\/291","targetHints":{"allow":["GET"]}}],"collection":[{"href":"https:\/\/persplant.de\/en\/wp-json\/wp\/v2\/pages"}],"about":[{"href":"https:\/\/persplant.de\/en\/wp-json\/wp\/v2\/types\/page"}],"author":[{"embeddable":true,"href":"https:\/\/persplant.de\/en\/wp-json\/wp\/v2\/users\/1"}],"replies":[{"embeddable":true,"href":"https:\/\/persplant.de\/en\/wp-json\/wp\/v2\/comments?post=291"}],"version-history":[{"count":5,"href":"https:\/\/persplant.de\/en\/wp-json\/wp\/v2\/pages\/291\/revisions"}],"predecessor-version":[{"id":506,"href":"https:\/\/persplant.de\/en\/wp-json\/wp\/v2\/pages\/291\/revisions\/506"}],"wp:attachment":[{"href":"https:\/\/persplant.de\/en\/wp-json\/wp\/v2\/media?parent=291"}],"curies":[{"name":"wp","href":"https:\/\/api.w.org\/{rel}","templated":true}]}}