{"id":297,"date":"2026-02-28T11:15:42","date_gmt":"2026-02-28T11:15:42","guid":{"rendered":"https:\/\/persplant.de\/?page_id=297"},"modified":"2026-02-28T21:39:06","modified_gmt":"2026-02-28T21:39:06","slug":"rosenblueten-knospen","status":"publish","type":"page","link":"https:\/\/persplant.de\/en\/rosenblueten-knospen\/","title":{"rendered":"Rosenbl\u00fcten\/ Knospen"},"content":{"rendered":"<div class=\"wp-block-group alignfull has-background has-global-padding is-content-justification-left is-layout-constrained wp-container-core-group-is-layout-58afaa13 wp-block-group-is-layout-constrained\" style=\"background-color:#fffce3;margin-top:0;margin-bottom:0;padding-top:var(--wp--preset--spacing--40);padding-right:var(--wp--preset--spacing--50);padding-bottom:var(--wp--preset--spacing--40);padding-left:var(--wp--preset--spacing--50);font-size:clamp(0.875rem, 0.875rem + ((1vw - 0.2rem) * 0.208), 1rem);\">\n<h2 class=\"wp-block-heading\" style=\"font-size:clamp(1.25rem, 1.25rem + ((1vw - 0.2rem) * 1.25), 2rem);text-transform:uppercase\">Rosenbl\u00fcten\/ Knospen<\/h2>\n\n\n\n<figure class=\"wp-block-image alignwide size-full is-style-rounded is-style-rounded--1\"><img fetchpriority=\"high\" decoding=\"async\" width=\"589\" height=\"191\" src=\"https:\/\/persplant.de\/wp-content\/uploads\/2026\/02\/img-rose.jpg\" alt=\"\" class=\"wp-image-271\" srcset=\"https:\/\/persplant.de\/wp-content\/uploads\/2026\/02\/img-rose.jpg 589w, https:\/\/persplant.de\/wp-content\/uploads\/2026\/02\/img-rose-300x97.jpg 300w\" sizes=\"(max-width: 589px) 100vw, 589px\" \/><\/figure>\n\n\n\n<div class=\"wp-block-columns alignwide is-layout-flex wp-container-core-columns-is-layout-28f84493 wp-block-columns-is-layout-flex\">\n<div class=\"wp-block-column is-layout-flow wp-block-column-is-layout-flow\" style=\"flex-basis:100%\">\n<p class=\"wp-container-content-0733e5d0\">Die Rose kommt urspr\u00fcnglich vor allem aus Persien, wo es auch heute noch die meisten Rosenarten gibt. In G\u00e4rten ist die Rose inzwischen fast auf der ganzen Welt verbreitet und manche Rosenarten wachsen sogar wild.<\/p>\n\n\n\n<p>Rosenbl\u00fcten- und knospen (Rosa damascena) wurden bereits vor 2500 Jahren im alten Persien verwendet. Sie werden in verschiedenen Gebieten des Irans angebaut. Wir beziehen unsere Produkte aus den St\u00e4dten Isfahan, Shiraz und Kerman, da dort die beste Qualit\u00e4t f\u00fcr die Weiterverarbeitung in der Arznei- und Parf\u00fcmproduktionen gew\u00e4hrleistet wird.<\/p>\n\n\n\n<p>Aus einem Hektar erh\u00e4lt man bis zu 7 Tonnen frische Rosenbl\u00fcten bzw. Knospen. Die Bl\u00fctenbl\u00e4tter der Rose werden gesammelt, wenn sie gerade frisch aufgebl\u00fcht sind. Dann werden sie im Schatten z\u00fcgig getrocknet. Man kann auch die Knospen der Rosenbl\u00fcten ernten und trocknen.<\/p>\n\n\n\n<p>Nach dem Aufbl\u00fchen gibt es nur ein relativ kurzes Zeitfenster, in dem die Bl\u00fcten geerntet werden k\u00f6nnen. Beim Pfl\u00fccken vor Sonnenaufgang erzielt man die beste Erntequalit\u00e4t. Die duftenden Bl\u00fcten sind der heilkr\u00e4ftige Teil der Rosen. Man kann fast alle Rosenbl\u00fcten f\u00fcr Heilzwecke einsetzen, hauptsache sie duften.<\/p>\n\n\n\n<p>Rosentee hilft bei der Blutreinigung und zur St\u00e4rkung von Herz und Nerven. Ihn kann man in Form von Umschl\u00e4gen, Waschungen oder f\u00fcr Teilb\u00e4der gegen hartn\u00e4ckige Wunden und leichte Verbrennungen verwenden.<\/p>\n\n\n\n<p>Als Mundsp\u00fclung hilft Rosentee auch gegen Mund- und Zahnfleischentz\u00fcndungen.<\/p>\n\n\n\n<p>Die frischen Bl\u00fctenbl\u00e4tter kann man zur Linderung von Gesichtsrose (Erysipel) auf&#8217;s Gesicht legen.<\/p>\n\n\n\n<p class=\"wp-container-content-0733e5d0\">Ob in Form von getrockneten Bl\u00fcten-, Knospen, oder als \u00e4therisches \u00d6l &#8211; wir verpacken und liefern Ihnen das Produkt ganz nach Ihrem Wunsch. Um sich von unserer Qualit\u00e4t \u00fcberzeugen zu k\u00f6nnen, stellen wir Ihnen selbstverst\u00e4ndlich gerne Proben zur Verf\u00fcgung.<\/p>\n\n\n\n<div class=\"wp-block-buttons is-layout-flex wp-block-buttons-is-layout-flex\">\n<div class=\"wp-block-button\"><a class=\"wp-block-button__link has-custom-color-2-background-color has-background has-custom-font-size wp-element-button\" href=\"https:\/\/persplant.de\/en\/kontakt\/\" style=\"font-size:clamp(0.875rem, 0.875rem + ((1vw - 0.2rem) * 0.208), 1rem);\">Wir freuen uns auf Ihre Anfrage.<\/a><\/div>\n<\/div>\n<\/div>\n<\/div>\n\n\n\n<div style=\"height:0px;width:0px\" aria-hidden=\"true\" class=\"wp-block-spacer\"><\/div>\n<\/div>","protected":false},"excerpt":{"rendered":"<p>Rosenbl\u00fcten\/ Knospen Die Rose kommt urspr\u00fcnglich vor allem aus Persien, wo es auch heute noch die meisten Rosenarten gibt. In G\u00e4rten ist die Rose inzwischen fast auf der ganzen Welt verbreitet und manche Rosenarten wachsen sogar wild. Rosenbl\u00fcten- und knospen (Rosa damascena) wurden bereits vor 2500 Jahren im alten Persien verwendet. Sie werden in verschiedenen [&hellip;]<\/p>\n","protected":false},"author":1,"featured_media":0,"parent":0,"menu_order":0,"comment_status":"closed","ping_status":"closed","template":"","meta":{"footnotes":""},"class_list":["post-297","page","type-page","status-publish","hentry"],"_links":{"self":[{"href":"https:\/\/persplant.de\/en\/wp-json\/wp\/v2\/pages\/297","targetHints":{"allow":["GET"]}}],"collection":[{"href":"https:\/\/persplant.de\/en\/wp-json\/wp\/v2\/pages"}],"about":[{"href":"https:\/\/persplant.de\/en\/wp-json\/wp\/v2\/types\/page"}],"author":[{"embeddable":true,"href":"https:\/\/persplant.de\/en\/wp-json\/wp\/v2\/users\/1"}],"replies":[{"embeddable":true,"href":"https:\/\/persplant.de\/en\/wp-json\/wp\/v2\/comments?post=297"}],"version-history":[{"count":4,"href":"https:\/\/persplant.de\/en\/wp-json\/wp\/v2\/pages\/297\/revisions"}],"predecessor-version":[{"id":508,"href":"https:\/\/persplant.de\/en\/wp-json\/wp\/v2\/pages\/297\/revisions\/508"}],"wp:attachment":[{"href":"https:\/\/persplant.de\/en\/wp-json\/wp\/v2\/media?parent=297"}],"curies":[{"name":"wp","href":"https:\/\/api.w.org\/{rel}","templated":true}]}}