{"id":300,"date":"2026-02-28T10:45:08","date_gmt":"2026-02-28T10:45:08","guid":{"rendered":"https:\/\/persplant.de\/?page_id=300"},"modified":"2026-02-28T21:20:16","modified_gmt":"2026-02-28T21:20:16","slug":"asant","status":"publish","type":"page","link":"https:\/\/persplant.de\/en\/asant\/","title":{"rendered":"asant"},"content":{"rendered":"<div class=\"wp-block-group alignfull has-background has-global-padding is-content-justification-left is-layout-constrained wp-container-core-group-is-layout-b926bade wp-block-group-is-layout-constrained\" style=\"background-color:#fffce3;margin-top:0;margin-bottom:0;padding-top:var(--wp--preset--spacing--30);padding-right:var(--wp--preset--spacing--50);padding-bottom:var(--wp--preset--spacing--30);padding-left:var(--wp--preset--spacing--50);font-size:clamp(0.875rem, 0.875rem + ((1vw - 0.2rem) * 0.208), 1rem);\">\n<h2 class=\"wp-block-heading\" style=\"font-size:clamp(1.25rem, 1.25rem + ((1vw - 0.2rem) * 1.25), 2rem);\">ASANT<\/h2>\n\n\n\n<figure class=\"wp-block-image alignwide size-full is-style-rounded is-style-rounded--1\"><img fetchpriority=\"high\" decoding=\"async\" width=\"589\" height=\"191\" src=\"https:\/\/persplant.de\/wp-content\/uploads\/2026\/02\/img-asant.jpg\" alt=\"\" class=\"wp-image-301\" srcset=\"https:\/\/persplant.de\/wp-content\/uploads\/2026\/02\/img-asant.jpg 589w, https:\/\/persplant.de\/wp-content\/uploads\/2026\/02\/img-asant-300x97.jpg 300w\" sizes=\"(max-width: 589px) 100vw, 589px\" \/><\/figure>\n\n\n\n<div class=\"wp-block-group alignwide has-global-padding is-layout-constrained wp-block-group-is-layout-constrained\">\n<div class=\"wp-block-columns alignwide is-layout-flex wp-container-core-columns-is-layout-28f84493 wp-block-columns-is-layout-flex\">\n<div class=\"wp-block-column is-layout-flow wp-block-column-is-layout-flow\" style=\"flex-basis:100%\">\n<p class=\"wp-container-content-0733e5d0\">Asant (Ferula assa-foetida) ist eine Pflanzenart aus der Familie der Doldenbl\u00fctler (Apiaceae) und wird in Khorasan und Balochestan (im Iran) angebaut.<\/p>\n\n\n\n<p>Urspr\u00fcnglich stammt der Asant aus Afghanistan und dem Iran. Er gedeiht hervorragend in den Salzsteppen.<\/p>\n\n\n\n<p>Durch das kreisf\u00f6rmige, aber auch senkrechte Anritzen der Wurzel und St\u00e4ngel, tritt Harz aus, den man trocknen l\u00e4sst. Diese Prozedur wird im Juni und Juli ca. 10 bis 16 Mal pro Pflanze durchgef\u00fchrt. Aus einer Pflanze gewinnt man etwa 70 Gramm des Harzes, welches haupts\u00e4chlich f\u00fcr die Arzneiproduktion verwendet wird.<\/p>\n\n\n\n<p>Asant wird vor allem in gemahlener Form verwendet. Zu erhalten ist er abgepackt in kleinen D\u00f6schen. Da das Gummiharz sich nicht mahlen l\u00e4sst, wird vorher Bockshornkleesamen zugesetzt.<\/p>\n\n\n\n<p>Oftmals wird das Gew\u00fcrz mit Mehl oder Speisest\u00e4rke gestreckt. In Indien w\u00fcrzt man mit Asant Saucen, eingelegtes Gem\u00fcse, wie Chutneys und Pickles, aber auch H\u00fclsenfr\u00fcchte und Fisch. In der K\u00fcche Nord-Indiens verwendet man das Gew\u00fcrz f\u00fcr Fleisch- und Gem\u00fcseeint\u00f6pfe, wie Kormas.<\/p>\n\n\n\n<p>In kleinen Mengen dosiert, verst\u00e4rkt es andere Gew\u00fcrze und Aromen, allerdings sollte es nie zusammen mit Zwiebeln verwendet werden; hier w\u00e4re die Gechmacksentwicklung doch zu intensiv. Oft isst man auch die Bl\u00e4tter und Stengel als Gem\u00fcse.<\/p>\n\n\n\n<p>Der Asant wird allerdings nicht nur als Gew\u00fcrz eingesetzt, sondern auch als Heilmittel. Er wirkt beruhigend, regt das Nervensystem und die Aussch\u00fcttung von Geschlechtshormonen an, ist krampfl\u00f6send und unterst\u00fctzt die Therapie von Magen-, Leber- und Gallenleiden.<\/p>\n\n\n\n<p>Die Pflanze ist erst ab einem Alter von etwa 5 &#8211; 7 Jahren f\u00fcr die Ernte nutzbar.<\/p>\n\n\n\n<p class=\"wp-container-content-0733e5d0\">Ob als Harz, als Extrakt, oder in gemahlener Form &#8211; wir verpacken und liefern Ihnen das Produkt ganz nach Ihrem Wunsch. Um sich von unserer Qualit\u00e4t \u00fcberzeugen zu k\u00f6nnen, stellen wir Ihnen selbstverst\u00e4ndlich gerne Proben zur Verf\u00fcgung.<\/p>\n\n\n\n<div class=\"wp-block-buttons is-layout-flex wp-block-buttons-is-layout-flex\">\n<div class=\"wp-block-button\"><a class=\"wp-block-button__link has-custom-color-2-background-color has-background has-custom-font-size wp-element-button\" href=\"https:\/\/persplant.de\/en\/kontakt\/\" style=\"font-size:clamp(0.875rem, 0.875rem + ((1vw - 0.2rem) * 0.208), 1rem);\">Wir freuen uns auf Ihre Anfrage.<\/a><\/div>\n<\/div>\n<\/div>\n<\/div>\n<\/div>\n<\/div>","protected":false},"excerpt":{"rendered":"<p>ASANT Asant (Ferula assa-foetida) ist eine Pflanzenart aus der Familie der Doldenbl\u00fctler (Apiaceae) und wird in Khorasan und Balochestan (im Iran) angebaut. Urspr\u00fcnglich stammt der Asant aus Afghanistan und dem Iran. Er gedeiht hervorragend in den Salzsteppen. Durch das kreisf\u00f6rmige, aber auch senkrechte Anritzen der Wurzel und St\u00e4ngel, tritt Harz aus, den man trocknen l\u00e4sst. [&hellip;]<\/p>\n","protected":false},"author":1,"featured_media":0,"parent":0,"menu_order":0,"comment_status":"closed","ping_status":"closed","template":"","meta":{"footnotes":""},"class_list":["post-300","page","type-page","status-publish","hentry"],"_links":{"self":[{"href":"https:\/\/persplant.de\/en\/wp-json\/wp\/v2\/pages\/300","targetHints":{"allow":["GET"]}}],"collection":[{"href":"https:\/\/persplant.de\/en\/wp-json\/wp\/v2\/pages"}],"about":[{"href":"https:\/\/persplant.de\/en\/wp-json\/wp\/v2\/types\/page"}],"author":[{"embeddable":true,"href":"https:\/\/persplant.de\/en\/wp-json\/wp\/v2\/users\/1"}],"replies":[{"embeddable":true,"href":"https:\/\/persplant.de\/en\/wp-json\/wp\/v2\/comments?post=300"}],"version-history":[{"count":8,"href":"https:\/\/persplant.de\/en\/wp-json\/wp\/v2\/pages\/300\/revisions"}],"predecessor-version":[{"id":490,"href":"https:\/\/persplant.de\/en\/wp-json\/wp\/v2\/pages\/300\/revisions\/490"}],"wp:attachment":[{"href":"https:\/\/persplant.de\/en\/wp-json\/wp\/v2\/media?parent=300"}],"curies":[{"name":"wp","href":"https:\/\/api.w.org\/{rel}","templated":true}]}}