{"id":306,"date":"2026-02-28T11:46:08","date_gmt":"2026-02-28T11:46:08","guid":{"rendered":"https:\/\/persplant.de\/?page_id=306"},"modified":"2026-02-28T21:33:21","modified_gmt":"2026-02-28T21:33:21","slug":"galbanharz","status":"publish","type":"page","link":"https:\/\/persplant.de\/en\/galbanharz\/","title":{"rendered":"Galbanharz"},"content":{"rendered":"<div class=\"wp-block-group alignfull has-background has-global-padding is-layout-constrained wp-container-core-group-is-layout-796362d6 wp-block-group-is-layout-constrained\" style=\"background-color:#fffce3;margin-top:0;margin-bottom:0;padding-top:var(--wp--preset--spacing--40);padding-right:var(--wp--preset--spacing--50);padding-bottom:var(--wp--preset--spacing--40);padding-left:var(--wp--preset--spacing--50);font-size:clamp(0.875rem, 0.875rem + ((1vw - 0.2rem) * 0.208), 1rem);\">\n<h2 class=\"wp-block-heading alignwide\" style=\"font-size:clamp(1.25rem, 1.25rem + ((1vw - 0.2rem) * 1.25), 2rem);text-transform:uppercase\">Galbanharz<\/h2>\n\n\n\n<figure class=\"wp-block-image alignwide size-full is-style-rounded is-style-rounded--1\"><img fetchpriority=\"high\" decoding=\"async\" width=\"589\" height=\"191\" src=\"https:\/\/persplant.de\/wp-content\/uploads\/2026\/02\/img-galbanum.jpg\" alt=\"\" class=\"wp-image-275\" srcset=\"https:\/\/persplant.de\/wp-content\/uploads\/2026\/02\/img-galbanum.jpg 589w, https:\/\/persplant.de\/wp-content\/uploads\/2026\/02\/img-galbanum-300x97.jpg 300w\" sizes=\"(max-width: 589px) 100vw, 589px\" \/><\/figure>\n\n\n\n<div class=\"wp-block-columns alignwide is-layout-flex wp-container-core-columns-is-layout-28f84493 wp-block-columns-is-layout-flex\">\n<div class=\"wp-block-column is-layout-flow wp-block-column-is-layout-flow\" style=\"flex-basis:100%\">\n<p class=\"wp-container-content-0733e5d0\">Galbanharz ist der getrocknete Milchsaft der 1 bis 2 Meter hohen Pflanze Ferula erubescens. Die Pflanze ist eine Doldenpflanze Persiens (in Bergregionen im Zentrum und im Nordosten des Irans) und der Gegend \u00f6stlich vom Aralsee.<\/p>\n\n\n\n<p>Die Substanz ist ziemlich weich und klebrig, nur in der K\u00e4lte pulverisierbar. Sie enth\u00e4lt etwa 60 Prozent, in Ethanol l\u00f6slichem Harz, 20 Prozent Gummi und bis 6 Prozent \u00e4therisches \u00d6l (Oleum galbani), das ihm einen durchdringenden unangenehm aromatischen Geruch verleiht.<\/p>\n\n\n\n<p>Der Geschmack ist bitterlich scharf, brennend. Durch Destillation mit Wasser wird das \u00d6l als eine farblose, an der Luft sich br\u00e4unende und verdickende Fl\u00fcssigkeit erhalten, die st\u00e4rker riecht als das Harz, bitter und kampferartig schmeckt.<\/p>\n\n\n\n<p>Galbanharz bildet zwei Sorten, in Tr\u00e4nen oder K\u00f6rnern und in Massen oder Kuchen, erstere in helleren, wei\u00dfen oder gelblichen, durchscheinenden, wachsgl\u00e4nzenden, erbsen- bis nu\u00dfgro\u00dfen K\u00f6rnern, letztere in dunkleren, br\u00e4unlichen oder gr\u00fcnlichen Klumpen, von hellen K\u00f6rnern durchsetzt.<\/p>\n\n\n\n<p>Die Ernte des duftenden Harzes beginnt ab dem sp\u00e4ten Fr\u00fchjahr und endet im Sp\u00e4tsommer. Beim Abtrennen einer d\u00fcnnen Schicht der Wurzel quillt das Harz heraus und verf\u00e4rbt sich w\u00e4hrend der Trocknungsphase von gelb zu rot.<\/p>\n\n\n\n<p>Verwendung findet das Harz in der Arznei- und Parf\u00fcmproduktion.<\/p>\n\n\n\n<p>Galbanharz k\u00f6nnte dabei helfen, bestimmte Typen von Bakterien zu bek\u00e4mpfen.<\/p>\n\n\n\n<p>Es gibt nicht gen\u00fcgend wissenschaftliche Daten, um die Wirkung von Galbanharz bei Verdauungsproblemen, Bl\u00e4hungen und Kr\u00e4mpfen, sowie bei der Wundheilung beurteilen zu k\u00f6nnen. Es bedarf weiterer wissenschaftlicher Untersuchungen, um die Effektivit\u00e4t von Galbanharz bei diesen Anwendungen bewerten zu k\u00f6nnen.<\/p>\n\n\n\n<p class=\"wp-container-content-0733e5d0\" style=\"font-size:clamp(0.875rem, 0.875rem + ((1vw - 0.2rem) * 0.208), 1rem);\">Ob als Harz, als Extrakt, oder in gemahlener Form &#8211; wir verpacken und liefern Ihnen das Produkt ganz nach Ihrem Wunsch. Um sich von unserer Qualit\u00e4t \u00fcberzeugen zu k\u00f6nnen, stellen wir Ihnen selbstverst\u00e4ndlich gerne Proben zur Verf\u00fcgung.<\/p>\n\n\n\n<div class=\"wp-block-buttons is-layout-flex wp-block-buttons-is-layout-flex\">\n<div class=\"wp-block-button\"><a class=\"wp-block-button__link has-custom-color-2-background-color has-background has-custom-font-size wp-element-button\" href=\"https:\/\/persplant.de\/en\/kontakt\/\" style=\"font-size:clamp(0.875rem, 0.875rem + ((1vw - 0.2rem) * 0.208), 1rem);\">Wir freuen uns auf Ihre Anfrage.<\/a><\/div>\n<\/div>\n<\/div>\n<\/div>\n<\/div>","protected":false},"excerpt":{"rendered":"<p>Galbanharz Galbanharz ist der getrocknete Milchsaft der 1 bis 2 Meter hohen Pflanze Ferula erubescens. Die Pflanze ist eine Doldenpflanze Persiens (in Bergregionen im Zentrum und im Nordosten des Irans) und der Gegend \u00f6stlich vom Aralsee. Die Substanz ist ziemlich weich und klebrig, nur in der K\u00e4lte pulverisierbar. Sie enth\u00e4lt etwa 60 Prozent, in Ethanol [&hellip;]<\/p>\n","protected":false},"author":1,"featured_media":0,"parent":0,"menu_order":0,"comment_status":"closed","ping_status":"closed","template":"","meta":{"footnotes":""},"class_list":["post-306","page","type-page","status-publish","hentry"],"_links":{"self":[{"href":"https:\/\/persplant.de\/en\/wp-json\/wp\/v2\/pages\/306","targetHints":{"allow":["GET"]}}],"collection":[{"href":"https:\/\/persplant.de\/en\/wp-json\/wp\/v2\/pages"}],"about":[{"href":"https:\/\/persplant.de\/en\/wp-json\/wp\/v2\/types\/page"}],"author":[{"embeddable":true,"href":"https:\/\/persplant.de\/en\/wp-json\/wp\/v2\/users\/1"}],"replies":[{"embeddable":true,"href":"https:\/\/persplant.de\/en\/wp-json\/wp\/v2\/comments?post=306"}],"version-history":[{"count":3,"href":"https:\/\/persplant.de\/en\/wp-json\/wp\/v2\/pages\/306\/revisions"}],"predecessor-version":[{"id":501,"href":"https:\/\/persplant.de\/en\/wp-json\/wp\/v2\/pages\/306\/revisions\/501"}],"wp:attachment":[{"href":"https:\/\/persplant.de\/en\/wp-json\/wp\/v2\/media?parent=306"}],"curies":[{"name":"wp","href":"https:\/\/api.w.org\/{rel}","templated":true}]}}