{"id":309,"date":"2026-02-28T11:03:18","date_gmt":"2026-02-28T11:03:18","guid":{"rendered":"https:\/\/persplant.de\/?page_id=309"},"modified":"2026-02-28T21:41:13","modified_gmt":"2026-02-28T21:41:13","slug":"traganth","status":"publish","type":"page","link":"https:\/\/persplant.de\/en\/traganth\/","title":{"rendered":"traganth"},"content":{"rendered":"<div class=\"wp-block-group alignfull has-background has-global-padding is-content-justification-left is-layout-constrained wp-container-core-group-is-layout-58afaa13 wp-block-group-is-layout-constrained\" style=\"background-color:#fffce3;margin-top:0;margin-bottom:0;padding-top:var(--wp--preset--spacing--40);padding-right:var(--wp--preset--spacing--50);padding-bottom:var(--wp--preset--spacing--40);padding-left:var(--wp--preset--spacing--50);font-size:clamp(0.875rem, 0.875rem + ((1vw - 0.2rem) * 0.208), 1rem);\">\n<h2 class=\"wp-block-heading\" style=\"font-size:clamp(1.25rem, 1.25rem + ((1vw - 0.2rem) * 1.25), 2rem);text-transform:uppercase\">Traganth<\/h2>\n\n\n\n<figure class=\"wp-block-image alignwide size-full is-style-rounded is-style-rounded--1\"><img fetchpriority=\"high\" decoding=\"async\" width=\"589\" height=\"191\" src=\"https:\/\/persplant.de\/wp-content\/uploads\/2026\/02\/img-traganth.jpg\" alt=\"\" class=\"wp-image-310\" srcset=\"https:\/\/persplant.de\/wp-content\/uploads\/2026\/02\/img-traganth.jpg 589w, https:\/\/persplant.de\/wp-content\/uploads\/2026\/02\/img-traganth-300x97.jpg 300w\" sizes=\"(max-width: 589px) 100vw, 589px\" \/><\/figure>\n\n\n\n<div class=\"wp-block-columns alignwide is-layout-flex wp-container-core-columns-is-layout-28f84493 wp-block-columns-is-layout-flex\">\n<div class=\"wp-block-column is-layout-flow wp-block-column-is-layout-flow\" style=\"flex-basis:100%\">\n<p class=\"wp-container-content-0733e5d0\">Traganth (Astragalus Verus) nennt man das gummiartige Exsudat aus St\u00e4mmen und Zweigen der Schmetterlingsbl\u00fctler-Gattung Tragant.<\/p>\n\n\n\n<p>Mit etwa 1600 bis 3000 Arten ist sie die gr\u00f6\u00dfte Gattung innerhalb der Gef\u00e4\u00dfpflanzen und \u00fcber den gr\u00f6\u00dften Teil der Nordhalbkugel verbreitet. Aus einigen Arten wird das s\u00e4ure- und hitzestabile Verdickungsmittel Traganth gewonnen.<\/p>\n\n\n\n<p>Die Erntezeit des Tragant beginnt in der Regel im sp\u00e4ten Fr\u00fchling und dauert bis etwa Anfang September. Es enth\u00e4lt 10 &#8211; 15 % Wasser, 3 &#8211; 4 % Mineralien und 3 % St\u00e4rke.<\/p>\n\n\n\n<p>Wir bieten 2 Sorten des Traganth an: Zum einen als sog. &#8222;Ribbon&#8220; in d\u00fcnnen und milchfarbenen Streifen. Die zweite Sorte &#8222;Flake&#8220; hat Flockenform, ist gelblich und von etwas h\u00e4rterer Beschaffenheit.<\/p>\n\n\n\n<p>Neben der Lebensmittelproduktion findet Traganth in der Kosmetik- und Arzneiproduktion, aber auch bei der Herstellung von Klebstoffen, wie z.B. als Haftpulver f\u00fcr Zahnprothesen Verwendung.<\/p>\n\n\n\n<p class=\"wp-container-content-0733e5d0\">Tragacantha &#8211; Traganth ist die an der Luft erh\u00e4rtete, gummiartige Ausscheidung, die nat\u00fcrlich oder nach Einschneiden aus Stamm und \u00c4sten von Astragalus gummifer Labill und von bestimmten anderen westasiatischen Arten der Gattung Astragalus ausflie\u00dft.<\/p>\n<\/div>\n<\/div>\n\n\n\n<div class=\"wp-block-buttons is-layout-flex wp-block-buttons-is-layout-flex\">\n<div class=\"wp-block-button\"><a class=\"wp-block-button__link has-custom-color-2-background-color has-background has-custom-font-size wp-element-button\" href=\"https:\/\/persplant.de\/en\/kontakt\/\" style=\"font-size:clamp(0.875rem, 0.875rem + ((1vw - 0.2rem) * 0.208), 1rem);\">Wir freuen uns auf Ihre Anfrage.<\/a><\/div>\n<\/div>\n<\/div>","protected":false},"excerpt":{"rendered":"<p>Traganth Traganth (Astragalus Verus) nennt man das gummiartige Exsudat aus St\u00e4mmen und Zweigen der Schmetterlingsbl\u00fctler-Gattung Tragant. Mit etwa 1600 bis 3000 Arten ist sie die gr\u00f6\u00dfte Gattung innerhalb der Gef\u00e4\u00dfpflanzen und \u00fcber den gr\u00f6\u00dften Teil der Nordhalbkugel verbreitet. Aus einigen Arten wird das s\u00e4ure- und hitzestabile Verdickungsmittel Traganth gewonnen. Die Erntezeit des Tragant beginnt in [&hellip;]<\/p>\n","protected":false},"author":1,"featured_media":0,"parent":0,"menu_order":0,"comment_status":"closed","ping_status":"closed","template":"","meta":{"footnotes":""},"class_list":["post-309","page","type-page","status-publish","hentry"],"_links":{"self":[{"href":"https:\/\/persplant.de\/en\/wp-json\/wp\/v2\/pages\/309","targetHints":{"allow":["GET"]}}],"collection":[{"href":"https:\/\/persplant.de\/en\/wp-json\/wp\/v2\/pages"}],"about":[{"href":"https:\/\/persplant.de\/en\/wp-json\/wp\/v2\/types\/page"}],"author":[{"embeddable":true,"href":"https:\/\/persplant.de\/en\/wp-json\/wp\/v2\/users\/1"}],"replies":[{"embeddable":true,"href":"https:\/\/persplant.de\/en\/wp-json\/wp\/v2\/comments?post=309"}],"version-history":[{"count":3,"href":"https:\/\/persplant.de\/en\/wp-json\/wp\/v2\/pages\/309\/revisions"}],"predecessor-version":[{"id":511,"href":"https:\/\/persplant.de\/en\/wp-json\/wp\/v2\/pages\/309\/revisions\/511"}],"wp:attachment":[{"href":"https:\/\/persplant.de\/en\/wp-json\/wp\/v2\/media?parent=309"}],"curies":[{"name":"wp","href":"https:\/\/api.w.org\/{rel}","templated":true}]}}