{"id":318,"date":"2026-02-28T10:47:56","date_gmt":"2026-02-28T10:47:56","guid":{"rendered":"https:\/\/persplant.de\/?page_id=318"},"modified":"2026-02-28T21:35:22","modified_gmt":"2026-02-28T21:35:22","slug":"hennapulver","status":"publish","type":"page","link":"https:\/\/persplant.de\/en\/hennapulver\/","title":{"rendered":"hennapulver"},"content":{"rendered":"<div class=\"wp-block-group alignfull has-background has-global-padding is-content-justification-left is-layout-constrained wp-container-core-group-is-layout-58afaa13 wp-block-group-is-layout-constrained\" style=\"background-color:#fffce3;margin-top:0;margin-bottom:0;padding-top:var(--wp--preset--spacing--40);padding-right:var(--wp--preset--spacing--50);padding-bottom:var(--wp--preset--spacing--40);padding-left:var(--wp--preset--spacing--50);font-size:clamp(0.875rem, 0.875rem + ((1vw - 0.2rem) * 0.208), 1rem);\">\n<h2 class=\"wp-block-heading\" style=\"font-size:clamp(1.25rem, 1.25rem + ((1vw - 0.2rem) * 1.25), 2rem);text-transform:uppercase\">Hennapulver<\/h2>\n\n\n\n<figure class=\"wp-block-image alignwide size-full is-style-rounded is-style-rounded--1\"><img fetchpriority=\"high\" decoding=\"async\" width=\"589\" height=\"191\" src=\"https:\/\/persplant.de\/wp-content\/uploads\/2026\/02\/img-henna.jpg\" alt=\"\" class=\"wp-image-274\" srcset=\"https:\/\/persplant.de\/wp-content\/uploads\/2026\/02\/img-henna.jpg 589w, https:\/\/persplant.de\/wp-content\/uploads\/2026\/02\/img-henna-300x97.jpg 300w\" sizes=\"(max-width: 589px) 100vw, 589px\" \/><\/figure>\n\n\n\n<div class=\"wp-block-columns alignwide is-layout-flex wp-container-core-columns-is-layout-28f84493 wp-block-columns-is-layout-flex\">\n<div class=\"wp-block-column is-layout-flow wp-block-column-is-layout-flow\" style=\"flex-basis:100%\">\n<p class=\"wp-container-content-0733e5d0\">Henna geh\u00f6rt zur Familie der Weiderichgew\u00e4chse (Lythraceae) und wird im S\u00fcden des Irans, in den St\u00e4dten Hormozgan und Yazd angebaut.<\/p>\n\n\n\n<p>Henna ist ein rotgelber Farbstoff, der aus den Bl\u00e4ttern des Hennastrauches (Lawsonia inermis) gewonnen wird. Wesentlicher Bestandteil von Henna ist das Pigment Lawson, das f\u00fcr die charakteristische Farbe verantwortlich ist. Der Farbstoff wird gewonnen, indem die Bl\u00e4tter der Pflanze getrocknet und zu einem Pulver zerrieben werden.<\/p>\n\n\n\n<p>Die fein duftende wei\u00df-gr\u00fcn-farbige Hennapflanze wird bis zu 6 Meter hoch und w\u00e4chst in 19 bis 27 Grad warmen sonnigen Gebieten. Die Bl\u00e4tter sind nach 3 Jahren bereit f\u00fcr die Ernte und werden nach der Ernte zuerst getrocknet und danach gemahlen.<\/p>\n\n\n\n<p>Bereits die alten \u00c4gypter kannten Henna als Pflanzenfarbstoff und nutzten ihn, um sich Haare, N\u00e4gel und Finger zu f\u00e4rben. Auch heute wird Henna in der Kosmetik verwendet. Reine Henna-Naturhaarfarbe kann eine Alternative zu chemisch hergestellten Haarf\u00e4rbemitteln sein.<\/p>\n\n\n\n<p class=\"wp-container-content-0733e5d0\">Wir bieten Ihnen Henna in den Sorten schwarz, rot und braun an.<br>\u00dcber die Farbintensit\u00e4t von rotem Henna entscheidet der Lawsongehalt.<br>Wir bieten rotes Henna auch SGS zertifiziert an.<\/p>\n<\/div>\n<\/div>\n\n\n\n<div class=\"wp-block-buttons is-layout-flex wp-block-buttons-is-layout-flex\">\n<div class=\"wp-block-button\"><a class=\"wp-block-button__link has-custom-color-2-background-color has-background has-custom-font-size wp-element-button\" href=\"https:\/\/persplant.de\/en\/kontakt\/\" style=\"font-size:clamp(0.875rem, 0.875rem + ((1vw - 0.2rem) * 0.208), 1rem);\">Wir freuen uns auf Ihre Anfrage.<\/a><\/div>\n<\/div>\n<\/div>","protected":false},"excerpt":{"rendered":"<p>Hennapulver Henna geh\u00f6rt zur Familie der Weiderichgew\u00e4chse (Lythraceae) und wird im S\u00fcden des Irans, in den St\u00e4dten Hormozgan und Yazd angebaut. Henna ist ein rotgelber Farbstoff, der aus den Bl\u00e4ttern des Hennastrauches (Lawsonia inermis) gewonnen wird. Wesentlicher Bestandteil von Henna ist das Pigment Lawson, das f\u00fcr die charakteristische Farbe verantwortlich ist. Der Farbstoff wird gewonnen, [&hellip;]<\/p>\n","protected":false},"author":1,"featured_media":0,"parent":0,"menu_order":0,"comment_status":"closed","ping_status":"closed","template":"","meta":{"footnotes":""},"class_list":["post-318","page","type-page","status-publish","hentry"],"_links":{"self":[{"href":"https:\/\/persplant.de\/en\/wp-json\/wp\/v2\/pages\/318","targetHints":{"allow":["GET"]}}],"collection":[{"href":"https:\/\/persplant.de\/en\/wp-json\/wp\/v2\/pages"}],"about":[{"href":"https:\/\/persplant.de\/en\/wp-json\/wp\/v2\/types\/page"}],"author":[{"embeddable":true,"href":"https:\/\/persplant.de\/en\/wp-json\/wp\/v2\/users\/1"}],"replies":[{"embeddable":true,"href":"https:\/\/persplant.de\/en\/wp-json\/wp\/v2\/comments?post=318"}],"version-history":[{"count":5,"href":"https:\/\/persplant.de\/en\/wp-json\/wp\/v2\/pages\/318\/revisions"}],"predecessor-version":[{"id":503,"href":"https:\/\/persplant.de\/en\/wp-json\/wp\/v2\/pages\/318\/revisions\/503"}],"wp:attachment":[{"href":"https:\/\/persplant.de\/en\/wp-json\/wp\/v2\/media?parent=318"}],"curies":[{"name":"wp","href":"https:\/\/api.w.org\/{rel}","templated":true}]}}