{"id":324,"date":"2026-02-28T10:48:28","date_gmt":"2026-02-28T10:48:28","guid":{"rendered":"https:\/\/persplant.de\/?page_id=324"},"modified":"2026-02-28T21:36:11","modified_gmt":"2026-02-28T21:36:11","slug":"krappwurzel","status":"publish","type":"page","link":"https:\/\/persplant.de\/en\/krappwurzel\/","title":{"rendered":"krappwurzel"},"content":{"rendered":"<div class=\"wp-block-group alignfull has-background has-global-padding is-content-justification-left is-layout-constrained wp-container-core-group-is-layout-58afaa13 wp-block-group-is-layout-constrained\" style=\"background-color:#fffce3;margin-top:0;margin-bottom:0;padding-top:var(--wp--preset--spacing--40);padding-right:var(--wp--preset--spacing--50);padding-bottom:var(--wp--preset--spacing--40);padding-left:var(--wp--preset--spacing--50);font-size:clamp(0.875rem, 0.875rem + ((1vw - 0.2rem) * 0.208), 1rem);\">\n<h2 class=\"wp-block-heading\" style=\"font-size:clamp(1.25rem, 1.25rem + ((1vw - 0.2rem) * 1.25), 2rem);text-transform:uppercase\">Krappwurzel<\/h2>\n\n\n\n<figure class=\"wp-block-image alignwide size-full is-style-rounded is-style-rounded--1\"><img fetchpriority=\"high\" decoding=\"async\" width=\"589\" height=\"191\" src=\"https:\/\/persplant.de\/wp-content\/uploads\/2026\/02\/img-krapp.jpg\" alt=\"\" class=\"wp-image-273\" srcset=\"https:\/\/persplant.de\/wp-content\/uploads\/2026\/02\/img-krapp.jpg 589w, https:\/\/persplant.de\/wp-content\/uploads\/2026\/02\/img-krapp-300x97.jpg 300w\" sizes=\"(max-width: 589px) 100vw, 589px\" \/><\/figure>\n\n\n\n<div class=\"wp-block-columns alignwide is-layout-flex wp-container-core-columns-is-layout-28f84493 wp-block-columns-is-layout-flex\">\n<div class=\"wp-block-column is-layout-flow wp-block-column-is-layout-flow\" style=\"flex-basis:100%\">\n<p class=\"wp-container-content-0733e5d0\">Die roten Krappwurzeln sind Bestandteil des F\u00e4rberkrapps (Rubiatinctorum), aus dem Krapplacke (Alizarin) gewonnen werden kann.<\/p>\n\n\n\n<p>Krapp ist eine mehrj\u00e4hrige, 50\u201380 cm hohe Staude mit einem kr\u00e4ftigen, vielfach verzweigten, bis zu 30 cm langen roten Wurzelstock. Die lanzettf\u00f6rmigen Bl\u00e4tter stehen in Quirlen, die gesamte Pflanze ist mit klettenartigen Haftborsten besetzt.<\/p>\n\n\n\n<p>Die unscheinbaren wei\u00dfen Bl\u00fcten bilden lockere Trugdolden aus, aus denen sich schwarze, erbsengro\u00dfe, fleischige Beeren entwickeln, die im September reif sind.<\/p>\n\n\n\n<p>Die Ernte erfolgt nach 3 bis 4 Jahren Wachstum im Herbst, indem man die Wurzeln aus der Erde freilegt und 15 Tage lang im Freien trocknen l\u00e4sst. Als n\u00e4chstes wird die d\u00fcnne Hautschicht entfernt, anschlie\u00dfend werden die Wurzeln gemahlen. Die mindestens drei Jahre alten Wurzelst\u00f6cke werden nach der Ernte getrocknet. Anschlie\u00dfend werden durch Dreschen Oberhaut und Wurzelfaser entfernt. Hierbei gewinnt man den so genannten \u201eberaubten\u201c Krapp, die beste Qualit\u00e4t. Die anfallenden Fasern, der Krappmull, liefern eine schlechtere Qualit\u00e4t.<\/p>\n\n\n\n<p>Die Krappwurzel und ihr Hauptfarbstoff, das Alizarin, wurden bereits im alten \u00c4gypten zum F\u00e4rben verwendet.<\/p>\n\n\n\n<p>Bei Alizarin und weiteren Farbstoffen dieses Typs handelt es sich um Beizenfarbstoffe. Ber\u00fchmtheit erlangte der Krapp vor allem durch die Deutsch-Rot-F\u00e4rberei. Mit dieser Technik wurden im Orient jahrhundertelang Rott\u00f6ne von faszinierender Brillanz und Echtheit erzielt. Auch heute noch spielen Hydroxyanthrachinone nicht nur in der Textilf\u00e4rbung eine wichtige Rolle.<\/p>\n\n\n\n<p class=\"wp-container-content-0733e5d0\">Die Krapp-Bl\u00fcten selbst sind sehr klein und gr\u00fcnlich-gelb gef\u00e4rbt. Sie werden sowohl in der Farbindustrie, als auch f\u00fcr die Arzneiproduktion verwendet<\/p>\n<\/div>\n<\/div>\n\n\n\n<div class=\"wp-block-buttons is-layout-flex wp-block-buttons-is-layout-flex\">\n<div class=\"wp-block-button\"><a class=\"wp-block-button__link has-custom-color-2-background-color has-background has-custom-font-size wp-element-button\" href=\"https:\/\/persplant.de\/en\/kontakt\/\" style=\"font-size:clamp(0.875rem, 0.875rem + ((1vw - 0.2rem) * 0.208), 1rem);\">Wir freuen uns auf Ihre Anfrage.<\/a><\/div>\n<\/div>\n<\/div>","protected":false},"excerpt":{"rendered":"<p>Krappwurzel Die roten Krappwurzeln sind Bestandteil des F\u00e4rberkrapps (Rubiatinctorum), aus dem Krapplacke (Alizarin) gewonnen werden kann. Krapp ist eine mehrj\u00e4hrige, 50\u201380 cm hohe Staude mit einem kr\u00e4ftigen, vielfach verzweigten, bis zu 30 cm langen roten Wurzelstock. Die lanzettf\u00f6rmigen Bl\u00e4tter stehen in Quirlen, die gesamte Pflanze ist mit klettenartigen Haftborsten besetzt. Die unscheinbaren wei\u00dfen Bl\u00fcten bilden [&hellip;]<\/p>\n","protected":false},"author":1,"featured_media":0,"parent":0,"menu_order":0,"comment_status":"closed","ping_status":"closed","template":"","meta":{"footnotes":""},"class_list":["post-324","page","type-page","status-publish","hentry"],"_links":{"self":[{"href":"https:\/\/persplant.de\/en\/wp-json\/wp\/v2\/pages\/324","targetHints":{"allow":["GET"]}}],"collection":[{"href":"https:\/\/persplant.de\/en\/wp-json\/wp\/v2\/pages"}],"about":[{"href":"https:\/\/persplant.de\/en\/wp-json\/wp\/v2\/types\/page"}],"author":[{"embeddable":true,"href":"https:\/\/persplant.de\/en\/wp-json\/wp\/v2\/users\/1"}],"replies":[{"embeddable":true,"href":"https:\/\/persplant.de\/en\/wp-json\/wp\/v2\/comments?post=324"}],"version-history":[{"count":3,"href":"https:\/\/persplant.de\/en\/wp-json\/wp\/v2\/pages\/324\/revisions"}],"predecessor-version":[{"id":504,"href":"https:\/\/persplant.de\/en\/wp-json\/wp\/v2\/pages\/324\/revisions\/504"}],"wp:attachment":[{"href":"https:\/\/persplant.de\/en\/wp-json\/wp\/v2\/media?parent=324"}],"curies":[{"name":"wp","href":"https:\/\/api.w.org\/{rel}","templated":true}]}}