{"id":327,"date":"2026-02-28T10:46:31","date_gmt":"2026-02-28T10:46:31","guid":{"rendered":"https:\/\/persplant.de\/?page_id=327"},"modified":"2026-02-28T21:25:02","modified_gmt":"2026-02-28T21:25:02","slug":"berberitzen","status":"publish","type":"page","link":"https:\/\/persplant.de\/en\/berberitzen\/","title":{"rendered":"berberitzen"},"content":{"rendered":"<div class=\"wp-block-group alignfull has-background has-global-padding is-content-justification-left is-layout-constrained wp-container-core-group-is-layout-58afaa13 wp-block-group-is-layout-constrained\" style=\"background-color:#fffce3;margin-top:0;margin-bottom:0;padding-top:var(--wp--preset--spacing--40);padding-right:var(--wp--preset--spacing--50);padding-bottom:var(--wp--preset--spacing--40);padding-left:var(--wp--preset--spacing--50);font-size:clamp(0.875rem, 0.875rem + ((1vw - 0.2rem) * 0.208), 1rem);\">\n<h2 class=\"wp-block-heading\" style=\"font-size:clamp(1.25rem, 1.25rem + ((1vw - 0.2rem) * 1.25), 2rem);text-transform:uppercase\">Berberitzen<\/h2>\n\n\n\n<figure class=\"wp-block-image alignwide size-full is-style-rounded is-style-rounded--1\"><img fetchpriority=\"high\" decoding=\"async\" width=\"2560\" height=\"1252\" src=\"https:\/\/persplant.de\/wp-content\/uploads\/2026\/02\/two-wooden-spoons-full-dried-cranberiies-1-scaled.jpg\" alt=\"\" class=\"wp-image-330\" srcset=\"https:\/\/persplant.de\/wp-content\/uploads\/2026\/02\/two-wooden-spoons-full-dried-cranberiies-1-scaled.jpg 2560w, https:\/\/persplant.de\/wp-content\/uploads\/2026\/02\/two-wooden-spoons-full-dried-cranberiies-1-300x147.jpg 300w, https:\/\/persplant.de\/wp-content\/uploads\/2026\/02\/two-wooden-spoons-full-dried-cranberiies-1-1024x501.jpg 1024w, https:\/\/persplant.de\/wp-content\/uploads\/2026\/02\/two-wooden-spoons-full-dried-cranberiies-1-768x376.jpg 768w\" sizes=\"(max-width: 2560px) 100vw, 2560px\" \/><\/figure>\n\n\n\n<div class=\"wp-block-columns alignwide is-layout-flex wp-container-core-columns-is-layout-28f84493 wp-block-columns-is-layout-flex\">\n<div class=\"wp-block-column is-layout-flow wp-block-column-is-layout-flow\" style=\"flex-basis:100%\">\n<p class=\"wp-container-content-0733e5d0\">Die Gew\u00f6hnliche Berberitze (Berberisvulgaris), auch Sauerdorn, Essigbeere oder Echte Berberitze genannt, ist ein Strauch aus der Familie der Berberitzen Gew\u00e4chse (Berberidaceae). Die Gew\u00f6hnliche Berberitze ist in Europa und Asien verbreitet.<\/p>\n\n\n\n<p>Es handelt sich um einen sommergr\u00fcnen, mit Blattdornen bewehrten Strauch, der Wuchsh\u00f6hen von 1 bis 3 Metern erreicht. Die Zweige weisen ein- bis siebenteilige Dornen (umgewandelte Bl\u00e4tter der Langtriebe) auf, aus deren Achseln Laubbl\u00e4tter an Kurztrieben entspringen. Die Rinde ist \u00e4u\u00dferlich gelbbraun bis grau, innerlich leuchtend gelb.<\/p>\n\n\n\n<p>Die Bl\u00fcten sind gelb, halbkugelig-glockig und finden sich in bis zu drei\u00dfig h\u00e4ngenden, traubigen Bl\u00fctenst\u00e4nden. Ihr intensiver spermatischer Geruch wird von manchen als unangenehm empfunden. Die Bl\u00fctezeit reicht von Mai bis Juni. Der Strauch tr\u00e4gt von August bis Oktober rote bis zu 1 cm lange Beeren.<\/p>\n\n\n\n<p>Diese Art bevorzugt kalkhaltige, trockene bis m\u00e4\u00dfig feuchte Standorte sowohl im Licht als auch im Halbschatten und tritt an Waldr\u00e4ndern, Geb\u00fcschen und lichten Auen auf. Die Ernte erfolgt im September.<\/p>\n\n\n\n<p>Die roten Fr\u00fcchte der Berberitze sind weitgehend frei von Berberin und Berbamin und daher essbar. Sie sind sehr vitaminreich und schmecken s\u00e4uerlich. Traditionell werden sie in Europa zur Konfit\u00fcrenbereitung genutzt. Getrocknet werden sie wie Rosinen z. B. in M\u00fcsli gegessen. Die Beeren der Berberitze werden in orientalischen L\u00e4ndern, vor allem im Iran zum Kochen verwendet, beispielsweise zum s\u00fc\u00df-sauren W\u00fcrzen von Reis, Fisch und Braten. Allein in der Region Khorasan, dem Zentrum des Anbaugebietes im Nordosten des Iran, werden pro Jahr etwa 4500 Tonnen Fr\u00fcchte geerntet.<\/p>\n\n\n\n<p class=\"wp-container-content-0733e5d0\">Im Gegensatz zu den Fr\u00fcchten enthalten Wurzel und Rinde Berberin, das einen aussichtsreichen Stoff f\u00fcr die Arzneimittelforschung darstellt, etwa durch seine beobachtete lipid- und blutzuckersenkende Wirkung. In einer Beigabe von bis zu 20 % Berberitzen\u00adwurzelrinde zu Leber- oder Gallen-Tees wirkt Berberitzen\u00adwurzelrinde akuten Bauchspeichel\u00addr\u00fcsenentz\u00fcndungen entgegen.<\/p>\n<\/div>\n<\/div>\n\n\n\n<div class=\"wp-block-buttons is-layout-flex wp-block-buttons-is-layout-flex\">\n<div class=\"wp-block-button\"><a class=\"wp-block-button__link has-custom-color-2-background-color has-background has-custom-font-size wp-element-button\" href=\"https:\/\/persplant.de\/en\/kontakt\/\" style=\"font-size:clamp(0.875rem, 0.875rem + ((1vw - 0.2rem) * 0.208), 1rem);\">Wir freuen uns auf Ihre Anfrage.<\/a><\/div>\n<\/div>\n<\/div>","protected":false},"excerpt":{"rendered":"<p>Berberitzen Die Gew\u00f6hnliche Berberitze (Berberisvulgaris), auch Sauerdorn, Essigbeere oder Echte Berberitze genannt, ist ein Strauch aus der Familie der Berberitzen Gew\u00e4chse (Berberidaceae). Die Gew\u00f6hnliche Berberitze ist in Europa und Asien verbreitet. Es handelt sich um einen sommergr\u00fcnen, mit Blattdornen bewehrten Strauch, der Wuchsh\u00f6hen von 1 bis 3 Metern erreicht. Die Zweige weisen ein- bis siebenteilige [&hellip;]<\/p>\n","protected":false},"author":1,"featured_media":0,"parent":0,"menu_order":0,"comment_status":"closed","ping_status":"closed","template":"","meta":{"footnotes":""},"class_list":["post-327","page","type-page","status-publish","hentry"],"_links":{"self":[{"href":"https:\/\/persplant.de\/en\/wp-json\/wp\/v2\/pages\/327","targetHints":{"allow":["GET"]}}],"collection":[{"href":"https:\/\/persplant.de\/en\/wp-json\/wp\/v2\/pages"}],"about":[{"href":"https:\/\/persplant.de\/en\/wp-json\/wp\/v2\/types\/page"}],"author":[{"embeddable":true,"href":"https:\/\/persplant.de\/en\/wp-json\/wp\/v2\/users\/1"}],"replies":[{"embeddable":true,"href":"https:\/\/persplant.de\/en\/wp-json\/wp\/v2\/comments?post=327"}],"version-history":[{"count":3,"href":"https:\/\/persplant.de\/en\/wp-json\/wp\/v2\/pages\/327\/revisions"}],"predecessor-version":[{"id":493,"href":"https:\/\/persplant.de\/en\/wp-json\/wp\/v2\/pages\/327\/revisions\/493"}],"wp:attachment":[{"href":"https:\/\/persplant.de\/en\/wp-json\/wp\/v2\/media?parent=327"}],"curies":[{"name":"wp","href":"https:\/\/api.w.org\/{rel}","templated":true}]}}