{"id":333,"date":"2026-02-28T10:47:06","date_gmt":"2026-02-28T10:47:06","guid":{"rendered":"https:\/\/persplant.de\/?page_id=333"},"modified":"2026-03-01T10:48:51","modified_gmt":"2026-03-01T10:48:51","slug":"datteln","status":"publish","type":"page","link":"https:\/\/persplant.de\/en\/datteln\/","title":{"rendered":"datteln"},"content":{"rendered":"<div class=\"wp-block-group alignfull has-background has-global-padding is-content-justification-left is-layout-constrained wp-container-core-group-is-layout-58afaa13 wp-block-group-is-layout-constrained\" style=\"background-color:#fffce3;margin-top:0;margin-bottom:0;padding-top:var(--wp--preset--spacing--40);padding-right:var(--wp--preset--spacing--50);padding-bottom:var(--wp--preset--spacing--40);padding-left:var(--wp--preset--spacing--50);font-size:clamp(0.875rem, 0.875rem + ((1vw - 0.2rem) * 0.208), 1rem);\">\n<h2 class=\"wp-block-heading\" style=\"font-size:clamp(1.25rem, 1.25rem + ((1vw - 0.2rem) * 1.25), 2rem);\">DATTELN<\/h2>\n\n\n\n<figure class=\"wp-block-image alignwide size-full is-style-rounded is-style-rounded--1\"><img fetchpriority=\"high\" decoding=\"async\" width=\"589\" height=\"191\" src=\"https:\/\/persplant.de\/wp-content\/uploads\/2026\/02\/img-date.jpg\" alt=\"\" class=\"wp-image-334\" srcset=\"https:\/\/persplant.de\/wp-content\/uploads\/2026\/02\/img-date.jpg 589w, https:\/\/persplant.de\/wp-content\/uploads\/2026\/02\/img-date-300x97.jpg 300w\" sizes=\"(max-width: 589px) 100vw, 589px\" \/><\/figure>\n\n\n\n<div class=\"wp-block-columns alignwide is-layout-flex wp-container-core-columns-is-layout-28f84493 wp-block-columns-is-layout-flex\">\n<div class=\"wp-block-column is-layout-flow wp-block-column-is-layout-flow\" style=\"flex-basis:100%\">\n<p class=\"wp-container-content-0733e5d0\">Iran geh\u00f6rt seit alters her zu den gr\u00f6ssten Dattel-Produzenten und -Exporteuren in der Welt. Datteln werden hier seit rund 6000 Jahren kultiviert.<\/p>\n\n\n\n<p>Auf 185 000 Hektar Anbaufl\u00e4che werden j\u00e4hrlich mehr als eine Million Tonnen Datteln geerntet.<\/p>\n\n\n\n<p>Datteln unterscheiden sich in Farbe, Form, Gr\u00f6sse und Trockenheitsgrad. Die Unterschiede kommen durch die verschiedenen B\u00f6den und die Klimaunterschiede der Anbaugebiete und Z\u00fcchtungsmassnahmen zustande.<\/p>\n\n\n\n<p>Gro\u00dfe Bedeutung bei den iranischen Datteln hat die Mozafati-Dattel (Rotab). Das Hauptanbaugebiet finden wir in der Provinz Kerman, nahe der historischen Stadt Bam im S\u00fcdosten Irans. Diese vorz\u00fcgliche, weiche und saftige Dattelsorte wird von Juli bis September geeerntet.<\/p>\n\n\n\n<p>Datteln sind reich an Zucker und haben einen entsprechend hohen Kaloriengehalt (350 Gramm Datteln enthalten ca. 1500 Kalorien). Das brachte ihnen den Namen \u201eBrot der W\u00fcste\u201c ein. Ballaststoffe, Mineralstoffe wie Kalium, Calcium und Magnesium sowie B-Vitamine machen sie zu einer gesunden Nascherei. Der Gehalt der Aminos\u00e4ure Tryptophan ist besonders interessant. Aus Tryptophan entsteht im K\u00f6rper das Hormon Melatonin, das eine Bedeutung f\u00fcr den Schlaf-Wach-Rhythmus hat.<\/p>\n\n\n\n<p class=\"wp-container-content-0733e5d0\">Frische Datteln gibt es in den Wintermonaten von September bis Januar. Besonders beliebt sind die Fr\u00fcchte in der Weihnachtszeit. Zur Trocknung vorgesehene Beeren werden halbreif geerntet. Die Sonne oder k\u00fcnstliche W\u00e4rme entzieht ihnen das Wasser. Ebenso wie tiefgefrorene Ware sind sie das ganze Jahr \u00fcber erh\u00e4ltlich.<\/p>\n<\/div>\n<\/div>\n\n\n\n<div class=\"wp-block-buttons is-layout-flex wp-block-buttons-is-layout-flex\">\n<div class=\"wp-block-button\"><a class=\"wp-block-button__link has-custom-color-2-background-color has-background has-custom-font-size wp-element-button\" href=\"https:\/\/persplant.de\/en\/kontakt\/\" style=\"font-size:clamp(0.875rem, 0.875rem + ((1vw - 0.2rem) * 0.208), 1rem);\">Wir freuen uns auf Ihre Anfrage.<\/a><\/div>\n<\/div>\n<\/div>","protected":false},"excerpt":{"rendered":"<p>DATTELN Iran geh\u00f6rt seit alters her zu den gr\u00f6ssten Dattel-Produzenten und -Exporteuren in der Welt. Datteln werden hier seit rund 6000 Jahren kultiviert. Auf 185 000 Hektar Anbaufl\u00e4che werden j\u00e4hrlich mehr als eine Million Tonnen Datteln geerntet. Datteln unterscheiden sich in Farbe, Form, Gr\u00f6sse und Trockenheitsgrad. Die Unterschiede kommen durch die verschiedenen B\u00f6den und die [&hellip;]<\/p>\n","protected":false},"author":1,"featured_media":0,"parent":0,"menu_order":0,"comment_status":"closed","ping_status":"closed","template":"","meta":{"footnotes":""},"class_list":["post-333","page","type-page","status-publish","hentry"],"_links":{"self":[{"href":"https:\/\/persplant.de\/en\/wp-json\/wp\/v2\/pages\/333","targetHints":{"allow":["GET"]}}],"collection":[{"href":"https:\/\/persplant.de\/en\/wp-json\/wp\/v2\/pages"}],"about":[{"href":"https:\/\/persplant.de\/en\/wp-json\/wp\/v2\/types\/page"}],"author":[{"embeddable":true,"href":"https:\/\/persplant.de\/en\/wp-json\/wp\/v2\/users\/1"}],"replies":[{"embeddable":true,"href":"https:\/\/persplant.de\/en\/wp-json\/wp\/v2\/comments?post=333"}],"version-history":[{"count":4,"href":"https:\/\/persplant.de\/en\/wp-json\/wp\/v2\/pages\/333\/revisions"}],"predecessor-version":[{"id":517,"href":"https:\/\/persplant.de\/en\/wp-json\/wp\/v2\/pages\/333\/revisions\/517"}],"wp:attachment":[{"href":"https:\/\/persplant.de\/en\/wp-json\/wp\/v2\/media?parent=333"}],"curies":[{"name":"wp","href":"https:\/\/api.w.org\/{rel}","templated":true}]}}