{"id":344,"date":"2026-02-28T11:43:04","date_gmt":"2026-02-28T11:43:04","guid":{"rendered":"https:\/\/persplant.de\/?page_id=344"},"modified":"2026-03-01T10:48:04","modified_gmt":"2026-03-01T10:48:04","slug":"granatapfel","status":"publish","type":"page","link":"https:\/\/persplant.de\/en\/granatapfel\/","title":{"rendered":"granatapfel"},"content":{"rendered":"<div class=\"wp-block-group alignfull has-background has-global-padding is-content-justification-left is-layout-constrained wp-container-core-group-is-layout-58afaa13 wp-block-group-is-layout-constrained\" style=\"background-color:#fffce3;margin-top:0;margin-bottom:0;padding-top:var(--wp--preset--spacing--40);padding-right:var(--wp--preset--spacing--50);padding-bottom:var(--wp--preset--spacing--40);padding-left:var(--wp--preset--spacing--50);font-size:clamp(0.875rem, 0.875rem + ((1vw - 0.2rem) * 0.208), 1rem);\">\n<h2 class=\"wp-block-heading\" style=\"font-size:clamp(1.25rem, 1.25rem + ((1vw - 0.2rem) * 1.25), 2rem);text-transform:uppercase\">Granatapfel<\/h2>\n\n\n\n<figure class=\"wp-block-image alignwide size-full is-style-rounded is-style-rounded--1\"><img fetchpriority=\"high\" decoding=\"async\" width=\"2560\" height=\"1192\" src=\"https:\/\/persplant.de\/wp-content\/uploads\/2026\/02\/pile-pomegranates-sliced-whole-pomegranate-grey-surface-1-scaled.jpg\" alt=\"\" class=\"wp-image-348\" srcset=\"https:\/\/persplant.de\/wp-content\/uploads\/2026\/02\/pile-pomegranates-sliced-whole-pomegranate-grey-surface-1-scaled.jpg 2560w, https:\/\/persplant.de\/wp-content\/uploads\/2026\/02\/pile-pomegranates-sliced-whole-pomegranate-grey-surface-1-300x140.jpg 300w, https:\/\/persplant.de\/wp-content\/uploads\/2026\/02\/pile-pomegranates-sliced-whole-pomegranate-grey-surface-1-1024x477.jpg 1024w, https:\/\/persplant.de\/wp-content\/uploads\/2026\/02\/pile-pomegranates-sliced-whole-pomegranate-grey-surface-1-768x358.jpg 768w\" sizes=\"(max-width: 2560px) 100vw, 2560px\" \/><\/figure>\n\n\n\n<div class=\"wp-block-columns alignwide is-layout-flex wp-container-core-columns-is-layout-28f84493 wp-block-columns-is-layout-flex\">\n<div class=\"wp-block-column is-layout-flow wp-block-column-is-layout-flow\" style=\"flex-basis:100%\">\n<p class=\"wp-container-content-0733e5d0\">Der Granatapfel oder Grenadine (Punicagranatum) ist eine Pflanzenart, die heute bei weiter Fassung der Familie der Weiderichgew\u00e4chse (Lythraceae) zugerechnet wird.<\/p>\n\n\n\n<p>Der Granatapfel w\u00e4chst als sommergr\u00fcner kleiner Baum und wird oft als Strauch kultiviert. Er erreicht Wuchsh\u00f6hen bis zu 5 Metern, wird bis zu 3 Meter breit und kann einige hundert Jahre alt werden.<\/p>\n\n\n\n<p>Der ber\u00fchmte Granatapfel wir seit 500 Jahren vor Christus in der Stadt &#8222;Sawe&#8220; im Iran angebaut.<\/p>\n\n\n\n<p>Bei Temperaturen unter minus 12 Grad kann bereits nach 2 Tagen die Wurzel besch\u00e4digt werden. Zu hohe Sonneneinstrahlung zeigt eine negative Wirkung auf dieses Obst . Deshalb werden die B\u00e4ume nebeneinander angebaut, so dass sie sich gegenseitig Schatten spenden.<\/p>\n\n\n\n<p>Aus den Kernen wird ein sehr hochwertiges \u00d6l gewonnen.<\/p>\n\n\n\n<p>Nachfolgend die N\u00e4hrwerte des frischen Granatapfels auf 100 Gramm:310 kJ (74 kcal)<br>0,75 g Eiwei\u00df<br>0,63 g Fett<br>16,75 g Kohlenhydrate<\/p>\n\n\n\n<p>Der im Granatapfel enthaltene Zucker teilt sich auf in 7,9 g Fructose und 7,2 g Glucose. Weiter sind ca. 2 g Ballaststoffe im Granatapfel enthalten.<\/p>\n\n\n\n<p>Die Wurzel, die Rinde und die gekochte Schale wurden bis ins Mittelalter als Anthelminthikum gegen Bandw\u00fcrmer eingesetzt.<\/p>\n\n\n\n<p>\u00dcber 250 wissenschaftliche Studien zeigen, dass der Granatapfel eine positive Wirkung bei Herz-Kreislauf-Erkrankungen, Krebs und Arthritis haben k\u00f6nnte.<\/p>\n\n\n\n<p>Die Fr\u00fcchte werden von September bis Dezember geerntet.<\/p>\n\n\n\n<p class=\"wp-container-content-0733e5d0\">Sie werden sehr behutsam in Kartons sortiert und die Kartons wiederum werden so gestapelt, dass die Fr\u00fcchte nicht gedr\u00fcckt werden.<\/p>\n<\/div>\n<\/div>\n\n\n\n<div class=\"wp-block-buttons is-layout-flex wp-block-buttons-is-layout-flex\">\n<div class=\"wp-block-button\"><a class=\"wp-block-button__link has-custom-color-2-background-color has-background has-custom-font-size wp-element-button\" href=\"https:\/\/persplant.de\/en\/kontakt\/\" style=\"font-size:clamp(0.875rem, 0.875rem + ((1vw - 0.2rem) * 0.208), 1rem);\">Wir freuen uns auf Ihre Anfrage.<\/a><\/div>\n<\/div>\n<\/div>","protected":false},"excerpt":{"rendered":"<p>Granatapfel Der Granatapfel oder Grenadine (Punicagranatum) ist eine Pflanzenart, die heute bei weiter Fassung der Familie der Weiderichgew\u00e4chse (Lythraceae) zugerechnet wird. Der Granatapfel w\u00e4chst als sommergr\u00fcner kleiner Baum und wird oft als Strauch kultiviert. Er erreicht Wuchsh\u00f6hen bis zu 5 Metern, wird bis zu 3 Meter breit und kann einige hundert Jahre alt werden. Der [&hellip;]<\/p>\n","protected":false},"author":1,"featured_media":0,"parent":0,"menu_order":0,"comment_status":"closed","ping_status":"closed","template":"","meta":{"footnotes":""},"class_list":["post-344","page","type-page","status-publish","hentry"],"_links":{"self":[{"href":"https:\/\/persplant.de\/en\/wp-json\/wp\/v2\/pages\/344","targetHints":{"allow":["GET"]}}],"collection":[{"href":"https:\/\/persplant.de\/en\/wp-json\/wp\/v2\/pages"}],"about":[{"href":"https:\/\/persplant.de\/en\/wp-json\/wp\/v2\/types\/page"}],"author":[{"embeddable":true,"href":"https:\/\/persplant.de\/en\/wp-json\/wp\/v2\/users\/1"}],"replies":[{"embeddable":true,"href":"https:\/\/persplant.de\/en\/wp-json\/wp\/v2\/comments?post=344"}],"version-history":[{"count":5,"href":"https:\/\/persplant.de\/en\/wp-json\/wp\/v2\/pages\/344\/revisions"}],"predecessor-version":[{"id":516,"href":"https:\/\/persplant.de\/en\/wp-json\/wp\/v2\/pages\/344\/revisions\/516"}],"wp:attachment":[{"href":"https:\/\/persplant.de\/en\/wp-json\/wp\/v2\/media?parent=344"}],"curies":[{"name":"wp","href":"https:\/\/api.w.org\/{rel}","templated":true}]}}