{"id":359,"date":"2026-02-28T10:46:42","date_gmt":"2026-02-28T10:46:42","guid":{"rendered":"https:\/\/persplant.de\/?page_id=359"},"modified":"2026-02-28T21:26:11","modified_gmt":"2026-02-28T21:26:11","slug":"bitterorangenblueten","status":"publish","type":"page","link":"https:\/\/persplant.de\/en\/bitterorangenblueten\/","title":{"rendered":"Bitterorangenbl\u00fcten"},"content":{"rendered":"<div class=\"wp-block-group alignfull has-background has-global-padding is-content-justification-left is-layout-constrained wp-container-core-group-is-layout-58afaa13 wp-block-group-is-layout-constrained\" style=\"background-color:#fffce3;margin-top:0;margin-bottom:0;padding-top:var(--wp--preset--spacing--40);padding-right:var(--wp--preset--spacing--50);padding-bottom:var(--wp--preset--spacing--40);padding-left:var(--wp--preset--spacing--50);font-size:clamp(0.875rem, 0.875rem + ((1vw - 0.2rem) * 0.208), 1rem);\">\n<h2 class=\"wp-block-heading\" style=\"font-size:clamp(1.25rem, 1.25rem + ((1vw - 0.2rem) * 1.25), 2rem);text-transform:uppercase\">Bitterorangenbl\u00fcten<\/h2>\n\n\n\n<figure class=\"wp-block-image alignwide size-full is-style-rounded is-style-rounded--1\"><img fetchpriority=\"high\" decoding=\"async\" width=\"590\" height=\"191\" src=\"https:\/\/persplant.de\/wp-content\/uploads\/2026\/02\/img-orange-Kopie.jpg\" alt=\"\" class=\"wp-image-193\" srcset=\"https:\/\/persplant.de\/wp-content\/uploads\/2026\/02\/img-orange-Kopie.jpg 590w, https:\/\/persplant.de\/wp-content\/uploads\/2026\/02\/img-orange-Kopie-300x97.jpg 300w\" sizes=\"(max-width: 590px) 100vw, 590px\" \/><\/figure>\n\n\n\n<div class=\"wp-block-columns alignwide is-layout-flex wp-container-core-columns-is-layout-28f84493 wp-block-columns-is-layout-flex\">\n<div class=\"wp-block-column is-layout-flow wp-block-column-is-layout-flow\" style=\"flex-basis:100%\">\n<p class=\"wp-container-content-0733e5d0\">Bitterorangenbl\u00fcten (Citrus aurantium L. ssp. aurantium, Rutaceae) geh\u00f6ren zur Pflanzenfamilie der Rautengew\u00e4chse (Rutaceae).<\/p>\n\n\n\n<p>Die bis 25 mm langen Bl\u00fctenknospen sind wei\u00df bis gelblich-wei\u00df gef\u00e4rbt und etwa 5 bis 10 mm lang gestielt. Die Blumenkrone besteht aus 5 dicken, l\u00e4nglich- konkaven Bl\u00fctenbl\u00e4ttern, die bei Lupenbetrachtung eine Punktierung zeigen, die durch die \u00d6lbeh\u00e4lter hervorgerufen wird. Der kurze, gelblich-gr\u00fcne, eine sternf\u00f6rmige Gestalt bildende Kelch besteht aus 5 an der Basis verwachsenen, abstehenden Kelchbl\u00e4ttern. Im Inneren der Knospen befinden sich mindestens 20 Staubbl\u00e4tter mit gelben Staubbeuteln und an der Basis Gruppen von 4 oder 5 verwachsenen Staubf\u00e4den.<\/p>\n\n\n\n<p>Der 8- bis 10-f\u00e4chrige Fruchtknoten ist oberst\u00e4ndig, br\u00e4unlich-schwarz, kugelig und am Grund von einer ringf\u00f6rmigen, k\u00f6rnigen Scheibe umgeben. Der relativ dicke und zylindrische Griffel endet in einer kopff\u00f6rmigen Narbe.<\/p>\n\n\n\n<p>Geerntet und sofort getrocknet werden die Bl\u00fcten im Fr\u00fchling. Hauptanbaugebiete sind die iranischen St\u00e4dte Shiraz, Mazandaran und Gilan.<\/p>\n\n\n\n<p>Orangenbl\u00fcten sind ein pflanzliches Arzneimittel und werden als beruhigendes Mittel bei Nervosit\u00e4t, Spannungszust\u00e4nden und bei Schlafst\u00f6rungen angewendet. Bitterorangenschale ist ein Bittermittel zur Behandlung von Appetitlosigkeit und Verdauungsst\u00f6rungen. Sie haben zahlreiche Anwendungen in der Volksmedizin.<\/p>\n\n\n\n<p>Das aus den Bl\u00fcten destillierte Neroli\u00f6l und das dabei anfallende Orangenbl\u00fctenwasser findet in der Parf\u00fcmherstellung Verwendung.<\/p>\n\n\n\n<p class=\"wp-container-content-0733e5d0\">Ob in Form von getrockneten Bl\u00fcten, oder als \u00e4therisches \u00d6l &#8211; wir verpacken und liefern Ihnen das Produkt ganz nach Ihrem Wunsch. Um sich von unserer Qualit\u00e4t \u00fcberzeugen zu k\u00f6nnen, stellen wir Ihnen selbstverst\u00e4ndlich gerne Proben zur Verf\u00fcgung.<\/p>\n<\/div>\n<\/div>\n\n\n\n<div class=\"wp-block-buttons is-layout-flex wp-block-buttons-is-layout-flex\">\n<div class=\"wp-block-button\"><a class=\"wp-block-button__link has-custom-color-2-background-color has-background has-custom-font-size wp-element-button\" href=\"https:\/\/persplant.de\/en\/kontakt\/\" style=\"font-size:clamp(0.875rem, 0.875rem + ((1vw - 0.2rem) * 0.208), 1rem);\">Wir freuen uns auf Ihre Anfrage.<\/a><\/div>\n<\/div>\n<\/div>","protected":false},"excerpt":{"rendered":"<p>Bitterorangenbl\u00fcten Bitterorangenbl\u00fcten (Citrus aurantium L. ssp. aurantium, Rutaceae) geh\u00f6ren zur Pflanzenfamilie der Rautengew\u00e4chse (Rutaceae). Die bis 25 mm langen Bl\u00fctenknospen sind wei\u00df bis gelblich-wei\u00df gef\u00e4rbt und etwa 5 bis 10 mm lang gestielt. Die Blumenkrone besteht aus 5 dicken, l\u00e4nglich- konkaven Bl\u00fctenbl\u00e4ttern, die bei Lupenbetrachtung eine Punktierung zeigen, die durch die \u00d6lbeh\u00e4lter hervorgerufen wird. Der [&hellip;]<\/p>\n","protected":false},"author":1,"featured_media":0,"parent":0,"menu_order":0,"comment_status":"closed","ping_status":"closed","template":"","meta":{"footnotes":""},"class_list":["post-359","page","type-page","status-publish","hentry"],"_links":{"self":[{"href":"https:\/\/persplant.de\/en\/wp-json\/wp\/v2\/pages\/359","targetHints":{"allow":["GET"]}}],"collection":[{"href":"https:\/\/persplant.de\/en\/wp-json\/wp\/v2\/pages"}],"about":[{"href":"https:\/\/persplant.de\/en\/wp-json\/wp\/v2\/types\/page"}],"author":[{"embeddable":true,"href":"https:\/\/persplant.de\/en\/wp-json\/wp\/v2\/users\/1"}],"replies":[{"embeddable":true,"href":"https:\/\/persplant.de\/en\/wp-json\/wp\/v2\/comments?post=359"}],"version-history":[{"count":4,"href":"https:\/\/persplant.de\/en\/wp-json\/wp\/v2\/pages\/359\/revisions"}],"predecessor-version":[{"id":495,"href":"https:\/\/persplant.de\/en\/wp-json\/wp\/v2\/pages\/359\/revisions\/495"}],"wp:attachment":[{"href":"https:\/\/persplant.de\/en\/wp-json\/wp\/v2\/media?parent=359"}],"curies":[{"name":"wp","href":"https:\/\/api.w.org\/{rel}","templated":true}]}}