{"id":366,"date":"2026-02-28T10:45:44","date_gmt":"2026-02-28T10:45:44","guid":{"rendered":"https:\/\/persplant.de\/?page_id=366"},"modified":"2026-02-28T21:23:30","modified_gmt":"2026-02-28T21:23:30","slug":"aetherische-oele","status":"publish","type":"page","link":"https:\/\/persplant.de\/en\/aetherische-oele\/","title":{"rendered":"\u00c4therische \u00d6le"},"content":{"rendered":"<div class=\"wp-block-group alignfull has-background has-global-padding is-content-justification-left is-layout-constrained wp-container-core-group-is-layout-58afaa13 wp-block-group-is-layout-constrained\" style=\"background-color:#fffce3;margin-top:0;margin-bottom:0;padding-top:var(--wp--preset--spacing--40);padding-right:var(--wp--preset--spacing--50);padding-bottom:var(--wp--preset--spacing--40);padding-left:var(--wp--preset--spacing--50);font-size:clamp(0.875rem, 0.875rem + ((1vw - 0.2rem) * 0.208), 1rem);\">\n<h2 class=\"wp-block-heading\" style=\"font-size:clamp(1.25rem, 1.25rem + ((1vw - 0.2rem) * 1.25), 2rem);text-transform:uppercase\">\u00c4therische \u00d6le<\/h2>\n\n\n\n<figure class=\"wp-block-image alignwide size-full is-style-rounded is-style-rounded--1\"><img fetchpriority=\"high\" decoding=\"async\" width=\"2560\" height=\"1222\" src=\"https:\/\/persplant.de\/wp-content\/uploads\/2026\/02\/hochwinkel-naturserumflaschen-scaled.jpg\" alt=\"\" class=\"wp-image-369\" srcset=\"https:\/\/persplant.de\/wp-content\/uploads\/2026\/02\/hochwinkel-naturserumflaschen-scaled.jpg 2560w, https:\/\/persplant.de\/wp-content\/uploads\/2026\/02\/hochwinkel-naturserumflaschen-300x143.jpg 300w, https:\/\/persplant.de\/wp-content\/uploads\/2026\/02\/hochwinkel-naturserumflaschen-1024x489.jpg 1024w, https:\/\/persplant.de\/wp-content\/uploads\/2026\/02\/hochwinkel-naturserumflaschen-768x367.jpg 768w, https:\/\/persplant.de\/wp-content\/uploads\/2026\/02\/hochwinkel-naturserumflaschen-1536x733.jpg 1536w, https:\/\/persplant.de\/wp-content\/uploads\/2026\/02\/hochwinkel-naturserumflaschen-2048x977.jpg 2048w\" sizes=\"(max-width: 2560px) 100vw, 2560px\" \/><\/figure>\n\n\n\n<div class=\"wp-block-columns alignwide is-layout-flex wp-container-core-columns-is-layout-28f84493 wp-block-columns-is-layout-flex\">\n<div class=\"wp-block-column is-layout-flow wp-block-column-is-layout-flow\" style=\"flex-basis:100%\">\n<p class=\"wp-container-content-0733e5d0\">Wir k\u00f6nnen Ihnen von folgenden Pflanzen \u00e4therische \u00d6le anbieten (selbstverst\u00e4ndlich in h\u00f6chster Qualit\u00e4t):<\/p>\n\n\n\n<p class=\"wp-container-content-0733e5d0\">Galbanharz<\/p>\n\n\n\n<p>Rosenbl\u00fcte<\/p>\n\n\n\n<p>Estragon<\/p>\n\n\n\n<p>Neroli<\/p>\n\n\n\n<p>Asant<\/p>\n<\/div>\n<\/div>\n\n\n\n<div class=\"wp-block-buttons is-layout-flex wp-block-buttons-is-layout-flex\">\n<div class=\"wp-block-button\"><a class=\"wp-block-button__link has-custom-color-2-background-color has-background has-custom-font-size wp-element-button\" href=\"https:\/\/persplant.de\/en\/kontakt\/\" style=\"font-size:clamp(0.875rem, 0.875rem + ((1vw - 0.2rem) * 0.208), 1rem);\">Wir freuen uns auf Ihre Anfrage.<\/a><\/div>\n<\/div>\n<\/div>","protected":false},"excerpt":{"rendered":"<p>\u00c4therische \u00d6le Wir k\u00f6nnen Ihnen von folgenden Pflanzen \u00e4therische \u00d6le anbieten (selbstverst\u00e4ndlich in h\u00f6chster Qualit\u00e4t): Galbanharz Rosenbl\u00fcte Estragon Neroli Asant<\/p>","protected":false},"author":1,"featured_media":0,"parent":0,"menu_order":0,"comment_status":"closed","ping_status":"closed","template":"","meta":{"footnotes":""},"class_list":["post-366","page","type-page","status-publish","hentry"],"_links":{"self":[{"href":"https:\/\/persplant.de\/en\/wp-json\/wp\/v2\/pages\/366","targetHints":{"allow":["GET"]}}],"collection":[{"href":"https:\/\/persplant.de\/en\/wp-json\/wp\/v2\/pages"}],"about":[{"href":"https:\/\/persplant.de\/en\/wp-json\/wp\/v2\/types\/page"}],"author":[{"embeddable":true,"href":"https:\/\/persplant.de\/en\/wp-json\/wp\/v2\/users\/1"}],"replies":[{"embeddable":true,"href":"https:\/\/persplant.de\/en\/wp-json\/wp\/v2\/comments?post=366"}],"version-history":[{"count":5,"href":"https:\/\/persplant.de\/en\/wp-json\/wp\/v2\/pages\/366\/revisions"}],"predecessor-version":[{"id":492,"href":"https:\/\/persplant.de\/en\/wp-json\/wp\/v2\/pages\/366\/revisions\/492"}],"wp:attachment":[{"href":"https:\/\/persplant.de\/en\/wp-json\/wp\/v2\/media?parent=366"}],"curies":[{"name":"wp","href":"https:\/\/api.w.org\/{rel}","templated":true}]}}