{"id":376,"date":"2026-02-28T10:48:40","date_gmt":"2026-02-28T10:48:40","guid":{"rendered":"https:\/\/persplant.de\/?page_id=376"},"modified":"2026-03-01T10:49:40","modified_gmt":"2026-03-01T10:49:40","slug":"lakritze","status":"publish","type":"page","link":"https:\/\/persplant.de\/en\/lakritze\/","title":{"rendered":"Lakritze"},"content":{"rendered":"<div class=\"wp-block-group alignfull has-background has-global-padding is-content-justification-left is-layout-constrained wp-container-core-group-is-layout-58afaa13 wp-block-group-is-layout-constrained\" style=\"background-color:#fffce3;margin-top:0;margin-bottom:0;padding-top:var(--wp--preset--spacing--40);padding-right:var(--wp--preset--spacing--50);padding-bottom:var(--wp--preset--spacing--40);padding-left:var(--wp--preset--spacing--50);font-size:clamp(0.875rem, 0.875rem + ((1vw - 0.2rem) * 0.208), 1rem);\">\n<h2 class=\"wp-block-heading\" style=\"font-size:clamp(1.25em, 1.25rem + ((1vw - 0.2em) * 1.25), 2em);text-transform:uppercase\">Lakritze<\/h2>\n\n\n\n<figure class=\"wp-block-image alignwide size-full is-style-rounded is-style-rounded--1\"><img fetchpriority=\"high\" decoding=\"async\" width=\"589\" height=\"191\" src=\"https:\/\/persplant.de\/wp-content\/uploads\/2026\/02\/img-lakritze-1.jpg\" alt=\"\" class=\"wp-image-282\" srcset=\"https:\/\/persplant.de\/wp-content\/uploads\/2026\/02\/img-lakritze-1.jpg 589w, https:\/\/persplant.de\/wp-content\/uploads\/2026\/02\/img-lakritze-1-300x97.jpg 300w\" sizes=\"(max-width: 589px) 100vw, 589px\" \/><\/figure>\n\n\n\n<div class=\"wp-block-columns alignwide is-layout-flex wp-container-core-columns-is-layout-28f84493 wp-block-columns-is-layout-flex\">\n<div class=\"wp-block-column is-layout-flow wp-block-column-is-layout-flow\" style=\"flex-basis:100%\">\n<p class=\"wp-container-content-0733e5d0\">Lakritze (Glycyrrhiza glabra), auch S\u00fc\u00dfholz genannt, gilt als eine der wertvollsten Heilpflanzen und wird bereits seit etwa 4000 Jahren benutzt. Sie wird f\u00fcr die Arzneiproduktion, aber auch zur S\u00fc\u00dfwarenherstellung verwendet.<\/p>\n\n\n\n<p>Reines S\u00fc\u00dfholz ist etwa 50 mal s\u00fc\u00dfer als herk\u00f6mmlicher Zucker. Der Anbau erfolgt in den St\u00e4dten Kermanschah, Fars und Kerman. Die Pflanze w\u00e4chst bis zu 1 Meter &#8211; in manchen Gebieten Irans auch bis zu 2 Meter hoch. Die 9 bis 17 Bl\u00e4tter sind zwischen 7 und 15 cm lang und ben\u00f6tigen viel Sonne und W\u00e4rme. Die Ernte erfolgt schlie\u00dflich im Herbst nach 3 bis 4 Jahren Wachstum.<\/p>\n\n\n\n<p>Sie wirkt schleiml\u00f6send, schleimverfl\u00fcssigend und auswurff\u00f6rdernd. Zur Herstellung von Lakritze wird der Saft aus der Wurzel des S\u00fc\u00dfholzstrauchs verwendet, der einen heilenden Pflanzenstoff enth\u00e4lt. Die Wirkung dieses Stoffes war schon den R\u00f6mern bekannt, denn in der milden Mittelmeerregion gedeiht das S\u00fc\u00dfholz besonders gut. Ein Tee aus geraspeltem S\u00fc\u00dfholz sollte bei Husten, Gastritis und Leberleiden helfen. Heute wei\u00df die Forschung durch wissenschaftliche Untersuchungen, dass ein wichtiger sekund\u00e4rer Pflanzenstoff aus der Wurzel, genannt Glycyrrhizin, antioxidativ und antiviral wirkt.<\/p>\n\n\n\n<p>Erst die kuriose Mischung aus Zucker, Glukosesirup, Mehl, Kartoffelst\u00e4rke, Salmiak und Aromen machte aus dem Heilmittel eine s\u00fc\u00df-herbe Nascherei.<\/p>\n\n\n\n<p>Getrocknete S\u00fc\u00dfholzstangen werden auch zur Zahnpflege gekaut, wobei neben den enthaltenen Inhaltsstoffen auch die Eigenschaft des Holzes zum Tragen kommt, beim Kauen am Ende stark auszufasern und so eine nat\u00fcrliche Zahnb\u00fcrste zu formen.<\/p>\n\n\n\n<p>Wir bieten Ihnen Lakritze in folgender Form an:<\/p>\n\n\n\n<p class=\"wp-container-content-0733e5d0\">Extrakt als Granulat<\/p>\n\n\n\n<p>Extrakt als Pulver<\/p>\n\n\n\n<p>Extrakt als Blocklakritz<\/p>\n\n\n\n<p>Extrakt als Paste<\/p>\n<\/div>\n<\/div>\n\n\n\n<div class=\"wp-block-buttons is-layout-flex wp-block-buttons-is-layout-flex\">\n<div class=\"wp-block-button\"><a class=\"wp-block-button__link has-custom-color-2-background-color has-background has-custom-font-size wp-element-button\" href=\"https:\/\/persplant.de\/en\/kontakt\/\" style=\"font-size:clamp(0.875rem, 0.875rem + ((1vw - 0.2rem) * 0.208), 1rem);\">Wir freuen uns auf Ihre Anfrage.<\/a><\/div>\n<\/div>\n<\/div>","protected":false},"excerpt":{"rendered":"<p>Lakritze Lakritze (Glycyrrhiza glabra), auch S\u00fc\u00dfholz genannt, gilt als eine der wertvollsten Heilpflanzen und wird bereits seit etwa 4000 Jahren benutzt. Sie wird f\u00fcr die Arzneiproduktion, aber auch zur S\u00fc\u00dfwarenherstellung verwendet. Reines S\u00fc\u00dfholz ist etwa 50 mal s\u00fc\u00dfer als herk\u00f6mmlicher Zucker. Der Anbau erfolgt in den St\u00e4dten Kermanschah, Fars und Kerman. Die Pflanze w\u00e4chst bis [&hellip;]<\/p>\n","protected":false},"author":1,"featured_media":0,"parent":0,"menu_order":0,"comment_status":"closed","ping_status":"closed","template":"","meta":{"footnotes":""},"class_list":["post-376","page","type-page","status-publish","hentry"],"_links":{"self":[{"href":"https:\/\/persplant.de\/en\/wp-json\/wp\/v2\/pages\/376","targetHints":{"allow":["GET"]}}],"collection":[{"href":"https:\/\/persplant.de\/en\/wp-json\/wp\/v2\/pages"}],"about":[{"href":"https:\/\/persplant.de\/en\/wp-json\/wp\/v2\/types\/page"}],"author":[{"embeddable":true,"href":"https:\/\/persplant.de\/en\/wp-json\/wp\/v2\/users\/1"}],"replies":[{"embeddable":true,"href":"https:\/\/persplant.de\/en\/wp-json\/wp\/v2\/comments?post=376"}],"version-history":[{"count":4,"href":"https:\/\/persplant.de\/en\/wp-json\/wp\/v2\/pages\/376\/revisions"}],"predecessor-version":[{"id":518,"href":"https:\/\/persplant.de\/en\/wp-json\/wp\/v2\/pages\/376\/revisions\/518"}],"wp:attachment":[{"href":"https:\/\/persplant.de\/en\/wp-json\/wp\/v2\/media?parent=376"}],"curies":[{"name":"wp","href":"https:\/\/api.w.org\/{rel}","templated":true}]}}