{"id":422,"date":"2026-02-28T11:01:27","date_gmt":"2026-02-28T11:01:27","guid":{"rendered":"https:\/\/persplant.de\/?page_id=422"},"modified":"2026-03-01T10:54:19","modified_gmt":"2026-03-01T10:54:19","slug":"422-2","status":"publish","type":"page","link":"https:\/\/persplant.de\/en\/422-2\/","title":{"rendered":"\u00fcber uns"},"content":{"rendered":"<div class=\"wp-block-group alignfull has-background has-global-padding is-content-justification-left is-layout-constrained wp-container-core-group-is-layout-3a8ec893 wp-block-group-is-layout-constrained\" style=\"background-color:#fffce3;margin-top:0;margin-bottom:0;padding-top:var(--wp--preset--spacing--30);padding-right:var(--wp--preset--spacing--50);padding-bottom:var(--wp--preset--spacing--30);padding-left:var(--wp--preset--spacing--50);font-size:clamp(0.875rem, 0.875rem + ((1vw - 0.2rem) * 0.208), 1rem);\">\n<h2 class=\"wp-block-heading has-text-color has-link-color wp-elements-f29088fa298d80adb14a9c89b15a5f01\" style=\"color:#004608;margin-top:0;margin-right:0;margin-bottom:0;margin-left:0;font-size:clamp(1.25rem, 1.25rem + ((1vw - 0.2rem) * 1.25), 2rem);text-transform:uppercase\">wer wir sind und <\/h2>\n\n\n\n<p class=\"has-text-color has-link-color has-system-serif-font-family wp-elements-dadd39e95364c694e90b3b33a3a61f49\" style=\"color:#004608;margin-top:0;margin-bottom:0;font-size:clamp(1.25rem, 1.25rem + ((1vw - 0.2rem) * 1.25), 2rem);text-transform:uppercase\">was wir anbieten<\/p>\n\n\n\n<figure class=\"wp-block-image alignwide size-large is-style-rounded is-style-rounded--1\"><img fetchpriority=\"high\" decoding=\"async\" width=\"1024\" height=\"496\" src=\"https:\/\/persplant.de\/wp-content\/uploads\/2026\/03\/2026-02-28-11.53.02-1024x496.jpg\" alt=\"\" class=\"wp-image-520\" srcset=\"https:\/\/persplant.de\/wp-content\/uploads\/2026\/03\/2026-02-28-11.53.02-1024x496.jpg 1024w, https:\/\/persplant.de\/wp-content\/uploads\/2026\/03\/2026-02-28-11.53.02-300x145.jpg 300w, https:\/\/persplant.de\/wp-content\/uploads\/2026\/03\/2026-02-28-11.53.02-768x372.jpg 768w, https:\/\/persplant.de\/wp-content\/uploads\/2026\/03\/2026-02-28-11.53.02.jpg 1279w\" sizes=\"(max-width: 1024px) 100vw, 1024px\" \/><\/figure>\n\n\n\n<div class=\"wp-block-columns alignwide is-layout-flex wp-container-core-columns-is-layout-28f84493 wp-block-columns-is-layout-flex\">\n<div class=\"wp-block-column is-layout-flow wp-block-column-is-layout-flow\" style=\"flex-basis:100%\">\n<p class=\"wp-container-content-0733e5d0\">Wir bieten Ihnen hochwertige Naturrohstoffe. Unser Leistungsschwerpunkt ist der Handel mit Naturrohstoffen f\u00fcr die Weiterverarbeitung in der Pharma-, Kosmetik- und Lebensmittelindustrie. Unsere langj\u00e4hrige Erfahrung und zahlreiche wertvolle Kontakte in die Anbaugebiete, besonders in nicht-europ\u00e4ische Gebiete, gibt uns die M\u00f6glichkeit, Ihnen hochqualitative&nbsp;<a href=\"https:\/\/www.persplant.de\/de\/products.php\">Produkte<\/a>&nbsp;anbieten zu k\u00f6nnen. Unser Hauptanbaugebiet Iran zeichnet sich aufgrund seiner geografischen Lage durch seinen Sonnenreichtum und seine hervorragende Erdreichqualit\u00e4t aus. Diese Eigenschaften erm\u00f6glichen den Anbau von Pflanzen und Gew\u00fcrzen auf h\u00f6chstem Qualit\u00e4tsniveau.<\/p>\n\n\n\n<p class=\"has-contrast-color has-text-color has-link-color wp-elements-0af58366ca5dce05dc70f8212a67177c\" style=\"font-size:clamp(0.875rem, 0.875rem + ((1vw - 0.2rem) * 0.208), 1rem);\">Die&nbsp;<a href=\"https:\/\/www.persplant.de\/de\/quality.php\">Qualit\u00e4t<\/a>&nbsp;unserer Produkte ist uns genauso wichtig wie Ihre Zufriedenheit. Deshalb legen wir Wert auf strenge Kontrollen beim Anbau und lassen uns regelm\u00e4\u00dfig die Qualit\u00e4t unserer Produkte von deutschen Laboren zertifizieren. Sie k\u00f6nnen sich jederzeit zu hundert Prozent auf die Qualit\u00e4t und Reinheit unserer Produkte verlassen.<\/p>\n\n\n\n<p class=\"wp-container-content-0733e5d0\">Sollten Sie eine Pflanzensorte aus dem iranischen Gebiet ben\u00f6tigen, die nicht auf unserer Webseite aufgef\u00fchrt ist, dann z\u00f6gern Sie nicht, uns zu&nbsp;<a href=\"https:\/\/www.persplant.de\/de\/contact.php\">kontaktieren<\/a>. Wir werden in den meisten F\u00e4llen eine individuelle L\u00f6sung f\u00fcr Sie finden, um Ihnen das gew\u00fcnschte Produkt zu fairen Konditionen anzubieten zu k\u00f6nnen.<\/p>\n<\/div>\n<\/div>\n\n\n\n<div style=\"height:var(--wp--preset--spacing--40)\" aria-hidden=\"true\" class=\"wp-block-spacer\"><\/div>\n<\/div>","protected":false},"excerpt":{"rendered":"<p>wer wir sind und was wir anbieten Wir bieten Ihnen hochwertige Naturrohstoffe. Unser Leistungsschwerpunkt ist der Handel mit Naturrohstoffen f\u00fcr die Weiterverarbeitung in der Pharma-, Kosmetik- und Lebensmittelindustrie. Unsere langj\u00e4hrige Erfahrung und zahlreiche wertvolle Kontakte in die Anbaugebiete, besonders in nicht-europ\u00e4ische Gebiete, gibt uns die M\u00f6glichkeit, Ihnen hochqualitative&nbsp;Produkte&nbsp;anbieten zu k\u00f6nnen. Unser Hauptanbaugebiet Iran zeichnet sich [&hellip;]<\/p>\n","protected":false},"author":1,"featured_media":0,"parent":0,"menu_order":0,"comment_status":"closed","ping_status":"closed","template":"","meta":{"footnotes":""},"class_list":["post-422","page","type-page","status-publish","hentry"],"_links":{"self":[{"href":"https:\/\/persplant.de\/en\/wp-json\/wp\/v2\/pages\/422","targetHints":{"allow":["GET"]}}],"collection":[{"href":"https:\/\/persplant.de\/en\/wp-json\/wp\/v2\/pages"}],"about":[{"href":"https:\/\/persplant.de\/en\/wp-json\/wp\/v2\/types\/page"}],"author":[{"embeddable":true,"href":"https:\/\/persplant.de\/en\/wp-json\/wp\/v2\/users\/1"}],"replies":[{"embeddable":true,"href":"https:\/\/persplant.de\/en\/wp-json\/wp\/v2\/comments?post=422"}],"version-history":[{"count":6,"href":"https:\/\/persplant.de\/en\/wp-json\/wp\/v2\/pages\/422\/revisions"}],"predecessor-version":[{"id":521,"href":"https:\/\/persplant.de\/en\/wp-json\/wp\/v2\/pages\/422\/revisions\/521"}],"wp:attachment":[{"href":"https:\/\/persplant.de\/en\/wp-json\/wp\/v2\/media?parent=422"}],"curies":[{"name":"wp","href":"https:\/\/api.w.org\/{rel}","templated":true}]}}