{"id":429,"date":"2026-02-28T11:13:22","date_gmt":"2026-02-28T11:13:22","guid":{"rendered":"https:\/\/persplant.de\/?page_id=429"},"modified":"2026-02-28T21:15:37","modified_gmt":"2026-02-28T21:15:37","slug":"429-2","status":"publish","type":"page","link":"https:\/\/persplant.de\/en\/429-2\/","title":{"rendered":"qulit\u00e4t"},"content":{"rendered":"<div class=\"wp-block-group alignfull has-background has-global-padding is-content-justification-left is-layout-constrained wp-container-core-group-is-layout-58afaa13 wp-block-group-is-layout-constrained\" style=\"background-color:#fffce3;margin-top:0;margin-bottom:0;padding-top:var(--wp--preset--spacing--40);padding-right:var(--wp--preset--spacing--50);padding-bottom:var(--wp--preset--spacing--40);padding-left:var(--wp--preset--spacing--50);font-size:clamp(0.875rem, 0.875rem + ((1vw - 0.2rem) * 0.208), 1rem);\">\n<h2 class=\"wp-block-heading\" style=\"font-size:clamp(1.092rem, 1.092rem + ((1vw - 0.2rem) * 1.013), 1.7rem);\">UNSER&nbsp;QUALIT\u00c4TSANSPRUCH<\/h2>\n\n\n\n<figure class=\"wp-block-image alignwide size-full is-style-rounded is-style-rounded--1\"><img fetchpriority=\"high\" decoding=\"async\" width=\"2560\" height=\"1089\" src=\"https:\/\/persplant.de\/wp-content\/uploads\/2026\/02\/seitenansicht-frau-experiment-auf-spross-scaled.jpg\" alt=\"\" class=\"wp-image-430\" srcset=\"https:\/\/persplant.de\/wp-content\/uploads\/2026\/02\/seitenansicht-frau-experiment-auf-spross-scaled.jpg 2560w, https:\/\/persplant.de\/wp-content\/uploads\/2026\/02\/seitenansicht-frau-experiment-auf-spross-300x128.jpg 300w, https:\/\/persplant.de\/wp-content\/uploads\/2026\/02\/seitenansicht-frau-experiment-auf-spross-1024x436.jpg 1024w, https:\/\/persplant.de\/wp-content\/uploads\/2026\/02\/seitenansicht-frau-experiment-auf-spross-768x327.jpg 768w\" sizes=\"(max-width: 2560px) 100vw, 2560px\" \/><\/figure>\n\n\n\n<div class=\"wp-block-columns alignwide is-layout-flex wp-container-core-columns-is-layout-28f84493 wp-block-columns-is-layout-flex\">\n<div class=\"wp-block-column is-layout-flow wp-block-column-is-layout-flow\" style=\"flex-basis:100%\">\n<p class=\"wp-container-content-0733e5d0\">Kunstgalerie&nbsp;\u2013 \u00dcbersichtDurch unsere langj\u00e4hrige Erfahrung ist es uns m\u00f6glich, den Problemen, die durch Belastungen mit Keimen und Toxinen enstehen k\u00f6nnen, effektiv entgegenzuwirken. Jeder Herstellungsschritt, vom Anbau, \u00fcber die Ernte, bis hin zum Versand, wird stets \u00fcberwacht und strengen Sicherheits- und Qualit\u00e4tspr\u00fcfungen unterzogen. Erst wenn die Produkte den Anspr\u00fcchen der Europ\u00e4ischen Richtlinien entsprechen, werden sie f\u00fcr den Versand freigegeben.<\/p>\n\n\n\n<p class=\"wp-container-content-0733e5d0\">Neben der strengen Qualit\u00e4tskontrolle in unseren Anbaugebieten im Iran, lassen wir uns die Qualit\u00e4t unserer Produkte regelm\u00e4\u00dfig von deutschen Laboren best\u00e4tigen und zertifizieren..<\/p>\n<\/div>\n<\/div>\n\n\n\n<div class=\"wp-block-buttons is-layout-flex wp-block-buttons-is-layout-flex\">\n<div class=\"wp-block-button\"><a class=\"wp-block-button__link has-background has-custom-font-size wp-element-button\" href=\"https:\/\/persplant.de\/en\/produkte\/\" style=\"background-color:#ff9312;font-size:clamp(0.875rem, 0.875rem + ((1vw - 0.2rem) * 0.208), 1rem);\">ZU UNSEREN PRODUKTEN<\/a><\/div>\n<\/div>\n<\/div>","protected":false},"excerpt":{"rendered":"<p>UNSER&nbsp;QUALIT\u00c4TSANSPRUCH Kunstgalerie&nbsp;\u2013 \u00dcbersichtDurch unsere langj\u00e4hrige Erfahrung ist es uns m\u00f6glich, den Problemen, die durch Belastungen mit Keimen und Toxinen enstehen k\u00f6nnen, effektiv entgegenzuwirken. Jeder Herstellungsschritt, vom Anbau, \u00fcber die Ernte, bis hin zum Versand, wird stets \u00fcberwacht und strengen Sicherheits- und Qualit\u00e4tspr\u00fcfungen unterzogen. Erst wenn die Produkte den Anspr\u00fcchen der Europ\u00e4ischen Richtlinien entsprechen, werden sie [&hellip;]<\/p>\n","protected":false},"author":1,"featured_media":0,"parent":0,"menu_order":0,"comment_status":"closed","ping_status":"closed","template":"","meta":{"footnotes":""},"class_list":["post-429","page","type-page","status-publish","hentry"],"_links":{"self":[{"href":"https:\/\/persplant.de\/en\/wp-json\/wp\/v2\/pages\/429","targetHints":{"allow":["GET"]}}],"collection":[{"href":"https:\/\/persplant.de\/en\/wp-json\/wp\/v2\/pages"}],"about":[{"href":"https:\/\/persplant.de\/en\/wp-json\/wp\/v2\/types\/page"}],"author":[{"embeddable":true,"href":"https:\/\/persplant.de\/en\/wp-json\/wp\/v2\/users\/1"}],"replies":[{"embeddable":true,"href":"https:\/\/persplant.de\/en\/wp-json\/wp\/v2\/comments?post=429"}],"version-history":[{"count":7,"href":"https:\/\/persplant.de\/en\/wp-json\/wp\/v2\/pages\/429\/revisions"}],"predecessor-version":[{"id":487,"href":"https:\/\/persplant.de\/en\/wp-json\/wp\/v2\/pages\/429\/revisions\/487"}],"wp:attachment":[{"href":"https:\/\/persplant.de\/en\/wp-json\/wp\/v2\/media?parent=429"}],"curies":[{"name":"wp","href":"https:\/\/api.w.org\/{rel}","templated":true}]}}